{"id":233,"date":"2016-04-21T18:43:00","date_gmt":"2016-04-21T18:43:00","guid":{"rendered":"http:\/\/www.waituk.com\/entrada\/default\/?page_id=233"},"modified":"2024-08-14T21:48:21","modified_gmt":"2024-08-14T20:48:21","slug":"contact","status":"publish","type":"page","link":"https:\/\/caminhostours.com\/br\/contato\/","title":{"rendered":"Contato"},"content":{"rendered":"<div class=\"wpb-content-wrapper\"><p>[vc_row entrada_row_bgcolor=&#8221;bg-white&#8221;][vc_column]<header class='content-heading'>\n\t\t\t\t\t\t<h2 class='main-heading'>Entre em contato<\/h2>\n\t\t\t\t\t\t<div class='main-subtitle'><p>Se voc\u00ea tiver d\u00favidas, feedback ou sugest\u00f5es, estamos aqui para ajudar. Visite-nos em nossa loja em Ipanema ou entre em contato conosco pelo WhatsApp ou e-mail para obter mais informa\u00e7\u00f5es. Estamos ansiosos para ouvir de voc\u00ea e ajudar de qualquer maneira que pudermos<\/p>\n<\/div>\n\t\t\t\t\t\t<div class='seperator'><\/div>\n\t\t\t\t\t<\/header>[vc_row_inner el_class=&#8221;contact-info&#8221;][vc_column_inner width=&#8221;1\/2&#8243;][vc_btn title=&#8221;Email: tours@caminhosbrasil.com&#8221; color=&#8221;warning&#8221; align=&#8221;center&#8221; link=&#8221;url:http%3A%2F%2Finfo%40caminhostours.com|title:email|target:_blank&#8221;][\/vc_column_inner][vc_column_inner width=&#8221;1\/2&#8243;][vc_btn title=&#8221;Whats APP +55 219999999&#8243; color=&#8221;success&#8221; align=&#8221;center&#8221; link=&#8221;url:https%3A%2F%2Fapi.whatsapp.com%2Fsend%2F%3Fphone%3D5521992231260%26text%26type%3Dphone_number%26app_absent%3D0|title:Whats%20Aoo|target:_blank&#8221;][\/vc_column_inner][\/vc_row_inner][\/vc_column][\/vc_row][vc_row][vc_column width=&#8221;1\/3&#8243;]<header class='content-heading'>\n\t\t\t\t\t\t<h2 class='main-heading'><\/h2>\n\t\t\t\t\t\t<div class='main-subtitle'><p style=\"text-align: left;\"><strong>Informa\u00e7\u00f5es de contato<\/strong><\/p>\n<p>&nbsp;<\/p>\n<p>&nbsp;<\/p>\n<p style=\"text-align: left;\"><img loading=\"lazy\" decoding=\"async\" class=\" ezlazyloaded\" src=\"https:\/\/cdn-0.caminhoslanguages.com\/images\/contact\/phoneicon.png?ezimgfmt=rs:20x20\/rscb1\/ng:webp\/ngcb1\" alt=\"phoneicon\" width=\"20\" height=\"20\" data-ezsrc=\"https:\/\/cdn-0.caminhoslanguages.com\/images\/contact\/phoneicon.png?ezimgfmt=rs:20x20\/rscb1\/ng:webp\/ngcb1\" \/>\u00a0\u00a0<span class=\"custom\"><a href=\"tel:+552122676552\">+55 (21) 2267-6552<\/a><br \/>\n<\/span><img loading=\"lazy\" decoding=\"async\" class=\" ezlazyloaded\" src=\"https:\/\/cdn-0.caminhoslanguages.com\/images\/iconesemail\/whatsapp-details.png?ezimgfmt=rs:25x25\/rscb1\/ng:webp\/ngcb1\" alt=\"whatsapp details\" width=\"25\" height=\"25\" data-ezsrc=\"https:\/\/cdn-0.caminhoslanguages.com\/images\/iconesemail\/whatsapp-details.png?ezimgfmt=rs:25x25\/rscb1\/ng:webp\/ngcb1\" \/>\u00a0<span class=\"custom\"><a href=\"https:\/\/api.whatsapp.com\/send?phone=5521992231260&amp;text=Hi!\" rel=\"noopener\" target=\"_blank\">+55 (21) 99223-1260<\/a><\/span><strong><span class=\"custom\"><br \/>\n<\/span><\/strong><img loading=\"lazy\" decoding=\"async\" class=\" ezlazyloaded\" src=\"https:\/\/cdn-0.caminhoslanguages.com\/images\/contact\/mailicon.png?ezimgfmt=rs:20x14\/rscb1\/ng:webp\/ngcb1\" alt=\"mailicon\" width=\"20\" height=\"14\" data-ezsrc=\"https:\/\/cdn-0.caminhoslanguages.com\/images\/contact\/mailicon.png?ezimgfmt=rs:20x14\/rscb1\/ng:webp\/ngcb1\" \/>\u00a0 <a href=\"Tours@caminhosbrasil.com\">Tours<\/a><span class=\"custom\"><span id=\"cloak3236ea482dd5c813f7c2cdf0516d77cf\">@caminhosbrasil.com<br \/>\n<\/span><\/span><a href=\"skype:casa.do.caminho.language.centre?chat\"><img loading=\"lazy\" decoding=\"async\" class=\" ezlazyloaded\" src=\"https:\/\/cdn-0.caminhoslanguages.com\/images\/contact\/skype.png?ezimgfmt=rs:23x23\/rscb1\/ng:webp\/ngcb1\" alt=\"skype\" width=\"23\" height=\"23\" data-ezsrc=\"https:\/\/cdn-0.caminhoslanguages.com\/images\/contact\/skype.png?ezimgfmt=rs:23x23\/rscb1\/ng:webp\/ngcb1\" \/><\/a>\u00a0<a href=\"skype:casa.do.caminho.language.centre?chat\">Skype<\/a><br \/>\n<a href=\"https:\/\/www.facebook.com\/caminhos.language.centre\" rel=\"noopener\" target=\"_blank\"><img loading=\"lazy\" decoding=\"async\" class=\" ezlazyloaded\" src=\"https:\/\/cdn-0.caminhoslanguages.com\/images\/iconesemail\/facebook.png?ezimgfmt=rs:20x20\/rscb1\/ng:webp\/ngcb1\" alt=\"facebook\" width=\"20\" height=\"20\" data-ezsrc=\"https:\/\/cdn-0.caminhoslanguages.com\/images\/iconesemail\/facebook.png?ezimgfmt=rs:20x20\/rscb1\/ng:webp\/ngcb1\" \/><\/a>\u00a0<a href=\"https:\/\/www.facebook.com\/caminhos.language.centre\" rel=\"noopener\" target=\"_blank\">Facebook<\/a><br \/>\n<img loading=\"lazy\" decoding=\"async\" class=\" ezlazyloaded\" src=\"https:\/\/cdn-0.caminhoslanguages.com\/wp-content\/uploads\/2018\/09\/instagram-icon.png?ezimgfmt=rs:20x20\/rscb1\/ng:webp\/ngcb1\" alt=\"phoneicon\" width=\"20\" height=\"20\" data-ezsrc=\"https:\/\/cdn-0.caminhoslanguages.com\/wp-content\/uploads\/2018\/09\/instagram-icon.png?ezimgfmt=rs:20x20\/rscb1\/ng:webp\/ngcb1\" \/>\u00a0<a href=\"https:\/\/www.instagram.com\/caminhos_language_centre\/\" rel=\"noopener\" target=\"_blank\">Instagram<\/a><br \/>\n<img loading=\"lazy\" decoding=\"async\" class=\" ezlazyloaded\" src=\"https:\/\/cdn-0.caminhoslanguages.com\/wp-content\/uploads\/2018\/09\/twitter-logo-1.png?ezimgfmt=rs:20x20\/rscb1\/ng:webp\/ngcb1\" alt=\"phoneicon\" width=\"20\" height=\"20\" data-ezsrc=\"https:\/\/cdn-0.caminhoslanguages.com\/wp-content\/uploads\/2018\/09\/twitter-logo-1.png?ezimgfmt=rs:20x20\/rscb1\/ng:webp\/ngcb1\" \/>\u00a0<a href=\"https:\/\/twitter.com\/CaminhosLC\" rel=\"noopener\" target=\"_blank\">Twitter<\/a><br \/>\n<img loading=\"lazy\" decoding=\"async\" class=\" ezlazyloaded\" src=\"https:\/\/cdn-0.caminhoslanguages.com\/wp-content\/uploads\/2018\/09\/youtube-logo-png-photo-0.png?ezimgfmt=rs:20x20\/rscb1\/ng:webp\/ngcb1\" alt=\"phoneicon\" width=\"20\" height=\"20\" data-ezsrc=\"https:\/\/cdn-0.caminhoslanguages.com\/wp-content\/uploads\/2018\/09\/youtube-logo-png-photo-0.png?ezimgfmt=rs:20x20\/rscb1\/ng:webp\/ngcb1\" \/>\u00a0<a href=\"https:\/\/www.youtube.com\/user\/caminhoslc\" rel=\"noopener\" target=\"_blank\">YouTube<\/a><br \/>\n<img loading=\"lazy\" decoding=\"async\" class=\" ezlazyloaded\" src=\"https:\/\/cdn-0.caminhoslanguages.com\/wp-content\/uploads\/2018\/09\/linkedin-icon-21.png?ezimgfmt=rs:20x20\/rscb1\/ng:webp\/ngcb1\" alt=\"phoneicon\" width=\"20\" height=\"20\" data-ezsrc=\"https:\/\/cdn-0.caminhoslanguages.com\/wp-content\/uploads\/2018\/09\/linkedin-icon-21.png?ezimgfmt=rs:20x20\/rscb1\/ng:webp\/ngcb1\" \/>\u00a0<a href=\"https:\/\/www.linkedin.com\/company\/caminhos-language-centre\/\" rel=\"noopener\" target=\"_blank\">LinkedIn<\/a><\/p>\n<\/div>\n\t\t\t\t\t\t<div class='seperator'><\/div>\n\t\t\t\t\t<\/header>[\/vc_column][vc_column width=&#8221;1\/3&#8243;]<div class=\"map-col-main map-holder height\"><iframe loading=\"lazy\" width=\"350\" height=\"350\" src=\"https:\/\/maps.google.com\/maps?hl=en&q=R. Farme de Amoedo, 135 - Ipanema, Rio de Janeiro - RJ, 22420-020, Brazili\u00eb&ie=UTF8&t=&z=15&iwloc=B&output=embed&center=true\"><\/iframe><\/div>[\/vc_column][vc_column width=&#8221;1\/3&#8243;]<header class='content-heading'>\n\t\t\t\t\t\t<h2 class='main-heading'><\/h2>\n\t\t\t\t\t\t<div class='main-subtitle'><p><strong>Hor\u00e1rio de funcionamento<\/strong><\/p>\n<p>&nbsp;<\/p>\n<p>&nbsp;<\/p>\n<p style=\"text-align: right;\">Segunda-feira: 07:30 \u2013 20:00<\/p>\n<p style=\"text-align: right;\">Ter\u00e7a-feira: 07:30 \u2013 20:00<\/p>\n<p style=\"text-align: right;\">Quarta-feira: 07:30 \u2013 20:00<\/p>\n<p style=\"text-align: right;\">Quinta-feira: 07:30 \u2013 20:00<\/p>\n<p style=\"text-align: right;\">Sexta-feira: 07:30 \u2013 20:00<\/p>\n<p style=\"text-align: right;\">S\u00e1bado: 08:00 \u2013 13:00<\/p>\n<p style=\"text-align: right;\">Domingo: FECHADO<\/p>\n<\/div>\n\t\t\t\t\t\t<div class='seperator'><\/div>\n\t\t\t\t\t<\/header>[\/vc_column][\/vc_row]<\/p>\n<\/div>","protected":false},"excerpt":{"rendered":"<p>[vc_row entrada_row_bgcolor=&#8221;bg-white&#8221;][vc_column][vc_row_inner el_class=&#8221;contact-info&#8221;][vc_column_inner width=&#8221;1\/2&#8243;][vc_btn title=&#8221;Email: tours@caminhosbrasil.com&#8221; color=&#8221;warning&#8221; align=&#8221;center&#8221; link=&#8221;url:http%3A%2F%2Finfo%40caminhostours.com|title:email|target:_blank&#8221;][\/vc_column_inner][vc_column_inner width=&#8221;1\/2&#8243;][vc_btn title=&#8221;Whats APP +55 219999999&#8243; color=&#8221;success&#8221; align=&#8221;center&#8221; link=&#8221;url:https%3A%2F%2Fapi.whatsapp.com%2Fsend%2F%3Fphone%3D5521992231260%26text%26type%3Dphone_number%26app_absent%3D0|title:Whats%20Aoo|target:_blank&#8221;][\/vc_column_inner][\/vc_row_inner][\/vc_column][\/vc_row][vc_row][vc_column width=&#8221;1\/3&#8243;][\/vc_column][vc_column width=&#8221;1\/3&#8243;][\/vc_column][vc_column width=&#8221;1\/3&#8243;][\/vc_column][\/vc_row]<\/p>\n","protected":false},"author":1,"featured_media":0,"parent":0,"menu_order":0,"comment_status":"closed","ping_status":"closed","template":"entrada_templates\/contact.php","meta":{"footnotes":""},"class_list":["post-233","page","type-page","status-publish","hentry"],"_links":{"self":[{"href":"https:\/\/caminhostours.com\/br\/wp-json\/wp\/v2\/pages\/233","targetHints":{"allow":["GET"]}}],"collection":[{"href":"https:\/\/caminhostours.com\/br\/wp-json\/wp\/v2\/pages"}],"about":[{"href":"https:\/\/caminhostours.com\/br\/wp-json\/wp\/v2\/types\/page"}],"author":[{"embeddable":true,"href":"https:\/\/caminhostours.com\/br\/wp-json\/wp\/v2\/users\/1"}],"replies":[{"embeddable":true,"href":"https:\/\/caminhostours.com\/br\/wp-json\/wp\/v2\/comments?post=233"}],"version-history":[{"count":22,"href":"https:\/\/caminhostours.com\/br\/wp-json\/wp\/v2\/pages\/233\/revisions"}],"predecessor-version":[{"id":4085,"href":"https:\/\/caminhostours.com\/br\/wp-json\/wp\/v2\/pages\/233\/revisions\/4085"}],"wp:attachment":[{"href":"https:\/\/caminhostours.com\/br\/wp-json\/wp\/v2\/media?parent=233"}],"curies":[{"name":"wp","href":"https:\/\/api.w.org\/{rel}","templated":true}]}}