{"id":3788,"date":"2024-04-28T16:39:06","date_gmt":"2024-04-28T15:39:06","guid":{"rendered":"https:\/\/caminhostours.com\/?page_id=3788"},"modified":"2024-10-15T09:11:16","modified_gmt":"2024-10-15T08:11:16","slug":"mais-caminhos","status":"publish","type":"page","link":"https:\/\/caminhostours.com\/br\/mais-caminhos\/","title":{"rendered":"Mais Caminhos"},"content":{"rendered":"<div class=\"wpb-content-wrapper\"><p>[vc_row css=&#8221;.vc_custom_1712534130471{background-color: #ffffff !important;}&#8221;][vc_column][vc_row_inner][vc_column_inner width=&#8221;1\/2&#8243;]<div class=\"adventure-holder gallery-home-holder text-block\"><div class=\"centered\"><h2 class=\"intro-heading\">Mais Caminhos<\/h2><p class=\"intro\">Bem-vindo ao Mais Caminhos: Empoderando Jovens Perto de Ipanema<\/p>\n<p>A vida de crian\u00e7as e adolescentes carentes perto de Ipanema, Brasil, \u00e9 o foco principal do Mais Caminhos, um projeto motivador. Este programa \u00e9 apoiado pelo Caminhos Language Centre e se baseia no legado emp\u00e1tico de um antigo orfanato, a Casa do Caminhos.<\/p>\n<p>Nosso Foco Depois que o orfanato Casa do Caminhos foi fechado em 2012, o Mais Caminhos come\u00e7ou a prestar aten\u00e7\u00e3o diretamente ao apoio \u00e0 gera\u00e7\u00e3o jovem local. Concentramos nosso trabalho nas comunidades localizadas ao redor de Ipanema para garantir sua signific\u00e2ncia.<\/p>\n<p>O que fazemos Para promover os jovens nesta \u00e1rea, criamos v\u00e1rios programas:<\/p>\n<p>A\u00e7\u00e3o Comunit\u00e1ria: Isso envolve o 'Caminhos em A\u00e7\u00e3o', onde convocamos volunt\u00e1rios que trabalham para tornar os lares lugares melhores, reformando-os, embelezando locais p\u00fablicos e atualizando instala\u00e7\u00f5es.<\/p>\n<p>Apoio ao Ensino e Aprendizagem: Para melhorar o desempenho acad\u00eamico entre crian\u00e7as de origens pobres, oferecemos servi\u00e7os de coaching, aulas extracurriculares, bem como um curso intensivo de ingl\u00eas que pode criar novas oportunidades para elas no futuro.<\/p>\n<p>Experi\u00eancia de vida: At\u00e9 agora, mais de 27 crian\u00e7as se beneficiaram ao serem levadas para programas de interc\u00e2mbio na Europa desde o in\u00edcio. Essas visitas ampliam suas mentes ao mesmo tempo em que promovem o desenvolvimento pessoal dentro delas.<\/p>\n<p>Ajuda \u00e0 fam\u00edlia: Intervimos com necessidades b\u00e1sicas como abrigo, alimenta\u00e7\u00e3o ou pagamento de taxas que estabilizariam as fam\u00edlias, criando ambientes adequados para o aprendizado eficaz tamb\u00e9m durante os per\u00edodos de educa\u00e7\u00e3o.<\/p>\n<p>Acampamentos recreativos: Durante as f\u00e9rias, quando as escolas est\u00e3o fechadas; nossos acampamentos combinam divers\u00e3o com ensino, permitindo assim a socializa\u00e7\u00e3o entre os alunos, al\u00e9m de utilizar seus tempos livres de forma produtiva.<\/p>\n<p>Tudo isso n\u00e3o teria sido alcan\u00e7ado se n\u00e3o fosse pelos volunt\u00e1rios internacionais que d\u00e3o muito em termos de servi\u00e7o para alcan\u00e7ar o sucesso em todos os programas.<\/p>\n<p>Para fornecer ferramentas \u00fateis para a constru\u00e7\u00e3o de uma vida bem-sucedida de jovens comunit\u00e1rios, temos esfor\u00e7os cont\u00ednuos cujo prop\u00f3sito \u00e9 disponibilizar os recursos e oportunidades necess\u00e1rios.<\/p>\n<p>Por favor, apoie-nos visitando nosso site se esta miss\u00e3o tocar seu cora\u00e7\u00e3o ou fazendo doa\u00e7\u00f5es; bem como espalhar informa\u00e7\u00f5es mais amplamente por meio do voluntariado, entre outras formas poss\u00edveis, para que n\u00e3o apenas eles, mas muitos outros como eles possam se beneficiar do que estabelecemos aqui<\/p><a href=\"https:\/\/maiscaminhos.org\/\" class=\"btn btn-info-sub btn-md btn-shadow radius\" target=\"_blank\" rel=\"noopener\">Mais Caminhos<\/a><\/div><\/div>[\/vc_column_inner][vc_column_inner width=&#8221;1\/2&#8243; css=&#8221;.vc_custom_1711452828179{margin-top: 50px !important;margin-right: 50px !important;margin-bottom: 50px !important;margin-left: 50px !important;border-top-width: 30px !important;border-right-width: 30px !important;border-bottom-width: 30px !important;border-left-width: 30px !important;}&#8221;][vc_raw_html]JTNDaWZyYW1lJTIwd2lkdGglM0QlMjI0NTAlMjIlMjBoZWlnaHQlM0QlMjIzNTAlMjIlMjBzcmMlM0QlMjJodHRwcyUzQSUyRiUyRnd3dy55b3V0dWJlLmNvbSUyRmVtYmVkJTJGNVVGYXlRN2ZtMnclM0ZzaSUzRHZmT3JNcENCV2JWY3l0MzUlMjIlMjB0aXRsZSUzRCUyMllvdVR1YmUlMjB2aWRlbyUyMHBsYXllciUyMiUyMGZyYW1lYm9yZGVyJTNEJTIyMCUyMiUyMGFsbG93JTNEJTIyYWNjZWxlcm9tZXRlciUzQiUyMGF1dG9wbGF5JTNCJTIwY2xpcGJvYXJkLXdyaXRlJTNCJTIwZW5jcnlwdGVkLW1lZGlhJTNCJTIwZ3lyb3Njb3BlJTNCJTIwcGljdHVyZS1pbi1waWN0dXJlJTNCJTIwd2ViLXNoYXJlJTIyJTIwcmVmZXJyZXJwb2xpY3klM0QlMjJzdHJpY3Qtb3JpZ2luLXdoZW4tY3Jvc3Mtb3JpZ2luJTIyJTIwYWxsb3dmdWxsc2NyZWVuJTNFJTNDJTJGaWZyYW1lJTNFJTBB[\/vc_raw_html][\/vc_column_inner][\/vc_row_inner][\/vc_column][\/vc_row][vc_row entrada_row_bgcolor=&#8221;bg-white&#8221;][vc_column]<header class='content-heading'>\n\t\t\t\t\t\t<h2 class='main-heading'>Caminhos<\/h2>\n\t\t\t\t\t\t<div class='main-subtitle'><p>Desde 2009, a Caminhos unificou com sucesso educa\u00e7\u00e3o, a\u00e7\u00e3o social, sustentabilidade e divers\u00e3o por meio do empreendedorismo social, combinando o aprendizado imersivo do Caminhos Language Centre, as iniciativas de capacita\u00e7\u00e3o da Mais Caminhos, as pr\u00e1ticas ecol\u00f3gicas da EcoCaminhos e o esp\u00edrito explorat\u00f3rio da Caminhos Bikes and Tours.<\/p>\n<\/div>\n\t\t\t\t\t\t<div class='seperator'><\/div>\n\t\t\t\t\t<\/header>[vc_row_inner][vc_column_inner width=&#8221;1\/4&#8243;]<article class=\"article text-center article-top-space\"><div class=\"img-wrap1\">\n\t\t\t\t\t<img decoding=\"async\"  src=\"https:\/\/caminhostours.com\/wp-content\/uploads\/2024\/03\/CAMINHOSlanguagecentre_quadrado-2.jpg\" alt=\"image description\">\n\t\t\t\t <\/div><div class=\"description\">\n\t\t\t\t\t\t\t<h3>Taalcentrum<\/h3>\n\t\t\t\t\t\t\t<p>Mergulhe na cultura brasileira enquanto aprende portugu\u00eas no Caminhos Language Centre. Nossos m\u00e9todos din\u00e2micos e atividades sociais garantem um aprendizado r\u00e1pido e divertido no vibrante cora\u00e7\u00e3o do Rio de Janeiro.<\/p>\n\t\t\t\t\t\t<\/div><\/article>[\/vc_column_inner][vc_column_inner width=&#8221;1\/4&#8243;]<article class=\"article text-center article-top-space\"><div class=\"img-wrap1\">\n\t\t\t\t\t<img decoding=\"async\"  src=\"https:\/\/caminhostours.com\/wp-content\/uploads\/2024\/03\/ecoCAMINHOSsquare-01.png\" alt=\"image description\">\n\t\t\t\t <\/div><div class=\"description\">\n\t\t\t\t\t\t\t<h3>Eco Caminhos<\/h3>\n\t\t\t\t\t\t\t<p>Descubra a vida sustent\u00e1vel no EcoCaminhos nas montanhas de tirar o f\u00f4lego do Brasil. Nossa eco-fazenda mistura agricultura org\u00e2nica, energia renov\u00e1vel e projetos de eco-constru\u00e7\u00e3o, oferecendo experi\u00eancias pr\u00e1ticas na harmonia da natureza.<\/p>\n\t\t\t\t\t\t<\/div><\/article>[\/vc_column_inner][vc_column_inner width=&#8221;1\/4&#8243;]<article class=\"article text-center article-top-space\"><div class=\"img-wrap1\">\n\t\t\t\t\t<img decoding=\"async\"  src=\"https:\/\/caminhostours.com\/wp-content\/uploads\/2024\/03\/mais-caminhos-red-frame.png\" alt=\"image description\">\n\t\t\t\t <\/div><div class=\"description\">\n\t\t\t\t\t\t\t<h3>Mais Caminhos<\/h3>\n\t\t\t\t\t\t\t<p>Mais Caminhos impulsiona a mudan\u00e7a social ao empoderar os jovens carentes do Rio com a ajuda de volunt\u00e1rios. Por meio da educa\u00e7\u00e3o, atividades culturais e comunidade solid\u00e1ria, constru\u00edmos caminhos para futuros mais brilhantes, promovendo a resili\u00eancia<\/p>\n\t\t\t\t\t\t<\/div><\/article>[\/vc_column_inner][vc_column_inner width=&#8221;1\/4&#8243;]<article class=\"article text-center article-top-space\"><div class=\"img-wrap1\">\n\t\t\t\t\t<img decoding=\"async\"  src=\"https:\/\/caminhostours.com\/wp-content\/uploads\/2024\/03\/caminhos-tours-quadrado-2.jpg\" alt=\"image description\">\n\t\t\t\t <\/div><div class=\"description\">\n\t\t\t\t\t\t\t<h3>Bicicletas e Passeios<\/h3>\n\t\t\t\t\t\t\t<p>Experimente as paisagens deslumbrantes do Rio de Janeiro de perto com a Caminhos Bikes and Tours. Nossos passeios de bicicleta guiados revelam as joias escondidas da cidade, misturando aventura com insights culturais para uma jornada inesquec\u00edvel<\/p>\n\t\t\t\t\t\t<\/div><\/article>[\/vc_column_inner][\/vc_row_inner][\/vc_column][\/vc_row]<\/p>\n<\/div>","protected":false},"excerpt":{"rendered":"<p>[vc_row css=&#8221;.vc_custom_1712534130471{background-color: #ffffff !important;}&#8221;][vc_column][vc_row_inner][vc_column_inner width=&#8221;1\/2&#8243;][\/vc_column_inner][vc_column_inner width=&#8221;1\/2&#8243; css=&#8221;.vc_custom_1711452828179{margin-top: 50px !important;margin-right: 50px !important;margin-bottom: 50px !important;margin-left: 50px !important;border-top-width: 30px !important;border-right-width: 30px !important;border-bottom-width: 30px !important;border-left-width: 30px !important;}&#8221;][vc_raw_html]JTNDaWZyYW1lJTIwd2lkdGglM0QlMjI0NTAlMjIlMjBoZWlnaHQlM0QlMjIzNTAlMjIlMjBzcmMlM0QlMjJodHRwcyUzQSUyRiUyRnd3dy55b3V0dWJlLmNvbSUyRmVtYmVkJTJGNVVGYXlRN2ZtMnclM0ZzaSUzRHZmT3JNcENCV2JWY3l0MzUlMjIlMjB0aXRsZSUzRCUyMllvdVR1YmUlMjB2aWRlbyUyMHBsYXllciUyMiUyMGZyYW1lYm9yZGVyJTNEJTIyMCUyMiUyMGFsbG93JTNEJTIyYWNjZWxlcm9tZXRlciUzQiUyMGF1dG9wbGF5JTNCJTIwY2xpcGJvYXJkLXdyaXRlJTNCJTIwZW5jcnlwdGVkLW1lZGlhJTNCJTIwZ3lyb3Njb3BlJTNCJTIwcGljdHVyZS1pbi1waWN0dXJlJTNCJTIwd2ViLXNoYXJlJTIyJTIwcmVmZXJyZXJwb2xpY3klM0QlMjJzdHJpY3Qtb3JpZ2luLXdoZW4tY3Jvc3Mtb3JpZ2luJTIyJTIwYWxsb3dmdWxsc2NyZWVuJTNFJTNDJTJGaWZyYW1lJTNFJTBB[\/vc_raw_html][\/vc_column_inner][\/vc_row_inner][\/vc_column][\/vc_row][vc_row entrada_row_bgcolor=&#8221;bg-white&#8221;][vc_column][vc_row_inner][vc_column_inner width=&#8221;1\/4&#8243;][\/vc_column_inner][vc_column_inner width=&#8221;1\/4&#8243;][\/vc_column_inner][vc_column_inner width=&#8221;1\/4&#8243;][\/vc_column_inner][vc_column_inner width=&#8221;1\/4&#8243;][\/vc_column_inner][\/vc_row_inner][\/vc_column][\/vc_row]<\/p>\n","protected":false},"author":1,"featured_media":3176,"parent":0,"menu_order":0,"comment_status":"closed","ping_status":"closed","template":"","meta":{"footnotes":""},"class_list":["post-3788","page","type-page","status-publish","has-post-thumbnail","hentry"],"_links":{"self":[{"href":"https:\/\/caminhostours.com\/br\/wp-json\/wp\/v2\/pages\/3788","targetHints":{"allow":["GET"]}}],"collection":[{"href":"https:\/\/caminhostours.com\/br\/wp-json\/wp\/v2\/pages"}],"about":[{"href":"https:\/\/caminhostours.com\/br\/wp-json\/wp\/v2\/types\/page"}],"author":[{"embeddable":true,"href":"https:\/\/caminhostours.com\/br\/wp-json\/wp\/v2\/users\/1"}],"replies":[{"embeddable":true,"href":"https:\/\/caminhostours.com\/br\/wp-json\/wp\/v2\/comments?post=3788"}],"version-history":[{"count":7,"href":"https:\/\/caminhostours.com\/br\/wp-json\/wp\/v2\/pages\/3788\/revisions"}],"predecessor-version":[{"id":4115,"href":"https:\/\/caminhostours.com\/br\/wp-json\/wp\/v2\/pages\/3788\/revisions\/4115"}],"wp:featuredmedia":[{"embeddable":true,"href":"https:\/\/caminhostours.com\/br\/wp-json\/wp\/v2\/media\/3176"}],"wp:attachment":[{"href":"https:\/\/caminhostours.com\/br\/wp-json\/wp\/v2\/media?parent=3788"}],"curies":[{"name":"wp","href":"https:\/\/api.w.org\/{rel}","templated":true}]}}