{"id":3958,"date":"2024-05-27T14:10:22","date_gmt":"2024-05-27T13:10:22","guid":{"rendered":"https:\/\/caminhostours.com\/?page_id=3958"},"modified":"2024-12-03T09:33:56","modified_gmt":"2024-12-03T09:33:56","slug":"personalized-services","status":"publish","type":"page","link":"https:\/\/caminhostours.com\/br\/personalized-services\/","title":{"rendered":"Personalized Services"},"content":{"rendered":"<div class=\"wpb-content-wrapper\"><p>[vc_row entrada_row_bgcolor=&#8221;bg-white&#8221; css=&#8221;.vc_custom_1716816113457{background-color: #ffffff !important;}&#8221;][vc_column width=&#8221;2\/3&#8243;]<header class='content-heading'>\n\t\t\t\t\t\t<h2 class='main-heading'>Servi\u00e7os Personalizados com Caminhos<\/h2>\n\t\t\t\t\t\t<div class='main-subtitle'><p>Na Caminhos, somos especializados em viagens personalizadas que atendem a uma ampla gama de clientes. Organizamos passeios e servi\u00e7os para fam\u00edlias, embaixadas, ONGs, universidades e muitos outros. Quer voc\u00ea queira suas f\u00e9rias cheias de aventuras ou relaxadas com algumas atividades culturais &#8211; n\u00f3s podemos fazer tudo!<\/p>\n<p>O que nos torna diferentes \u00e9 que somos mais do que apenas uma empresa de turismo. Ser uma escola de idiomas, projeto social e fazenda ecol\u00f3gica em uma entidade permite que nossos passeios ofere\u00e7am a voc\u00ea uma experi\u00eancia que n\u00e3o se limita apenas a excurs\u00f5es comuns.<\/p>\n<p>&nbsp;<\/p>\n<p>Para planejar sua melhor viagem ou providenciar um servi\u00e7o para sua organiza\u00e7\u00e3o, envie-nos um e-mail ou mensagem de texto pelo WhatsApp.<\/p>\n<p>&nbsp;<\/p>\n<p>Compartilhe conosco exatamente o que lhe interessa e entraremos em contato para discutir como nosso servi\u00e7o pode ser ajustado de acordo com suas prefer\u00eancias.<\/p>\n<p>&nbsp;<\/p>\n<p>Sinta a experi\u00eancia Caminhos \u2013 cuidando de cada passo.<\/p>\n<\/div>\n\t\t\t\t\t\t<div class='seperator'><\/div>\n\t\t\t\t\t<\/header>[vc_row_inner el_class=&#8221;contact-info&#8221;][vc_column_inner width=&#8221;1\/2&#8243;][vc_btn title=&#8221;Email: tours@caminhosbrasil.com&#8221; color=&#8221;warning&#8221; align=&#8221;center&#8221; link=&#8221;url:http%3A%2F%2Finfo%40caminhostours.com|title:email|target:_blank&#8221;][\/vc_column_inner][vc_column_inner width=&#8221;1\/2&#8243;][vc_btn title=&#8221;Whats APP +55 219999999&#8243; color=&#8221;success&#8221; align=&#8221;center&#8221; link=&#8221;url:https%3A%2F%2Fapi.whatsapp.com%2Fsend%2F%3Fphone%3D5521992231260%26text%26type%3Dphone_number%26app_absent%3D0|title:Whats%20Aoo|target:_blank&#8221;][\/vc_column_inner][\/vc_row_inner][\/vc_column][vc_column width=&#8221;1\/6&#8243;][\/vc_column][vc_column width=&#8221;1\/6&#8243; css=&#8221;.vc_custom_1716883060977{background-color: #ffffff !important;}&#8221;]<header class='content-heading'>\n\t\t\t\t\t\t<h2 class='main-heading'><\/h2>\n\t\t\t\t\t\t<div class='main-subtitle'><h3><\/h3>\n<h3>Clientes<\/h3>\n<ul>\n<li style=\"text-align: left;\">ONGs<\/li>\n<li style=\"text-align: left;\">Empresas<\/li>\n<li style=\"text-align: left;\">Universidades<\/li>\n<li style=\"text-align: left;\">Embaixadas<\/li>\n<li style=\"text-align: left;\">Fam\u00edlias<\/li>\n<li style=\"text-align: left;\">Escolas<\/li>\n<li style=\"text-align: left;\">Turistas<\/li>\n<li style=\"text-align: left;\">Institui\u00e7\u00f5es de Pesquisa<\/li>\n<li style=\"text-align: left;\">Organiza\u00e7\u00f5es Estudantis<\/li>\n<\/ul>\n<\/div>\n\t\t\t\t\t\t<div class='seperator'><\/div>\n\t\t\t\t\t<\/header><header class='content-heading'>\n\t\t\t\t\t\t<h2 class='main-heading'><\/h2>\n\t\t\t\t\t\t<div class='main-subtitle'><p><img loading=\"lazy\" decoding=\"async\" class=\"alignnone wp-image-3680\" src=\"https:\/\/caminhostours.com\/wp-content\/uploads\/2016\/05\/positive-impact-1024x965.png\" alt=\"\" width=\"127\" height=\"120\" srcset=\"https:\/\/caminhostours.com\/wp-content\/uploads\/2016\/05\/positive-impact-1024x965.png 1024w, https:\/\/caminhostours.com\/wp-content\/uploads\/2016\/05\/positive-impact-300x283.png 300w, https:\/\/caminhostours.com\/wp-content\/uploads\/2016\/05\/positive-impact-768x724.png 768w, https:\/\/caminhostours.com\/wp-content\/uploads\/2016\/05\/positive-impact-600x565.png 600w, https:\/\/caminhostours.com\/wp-content\/uploads\/2016\/05\/positive-impact.png 1247w\" sizes=\"auto, (max-width: 127px) 100vw, 127px\" \/><\/p>\n<\/div>\n\t\t\t\t\t\t<div class='seperator'><\/div>\n\t\t\t\t\t<\/header>[\/vc_column][\/vc_row]<\/p>\n<\/div>","protected":false},"excerpt":{"rendered":"<p>[vc_row entrada_row_bgcolor=&#8221;bg-white&#8221; css=&#8221;.vc_custom_1716816113457{background-color: #ffffff !important;}&#8221;][vc_column width=&#8221;2\/3&#8243;][vc_row_inner el_class=&#8221;contact-info&#8221;][vc_column_inner width=&#8221;1\/2&#8243;][vc_btn title=&#8221;Email: tours@caminhosbrasil.com&#8221; color=&#8221;warning&#8221; align=&#8221;center&#8221; link=&#8221;url:http%3A%2F%2Finfo%40caminhostours.com|title:email|target:_blank&#8221;][\/vc_column_inner][vc_column_inner width=&#8221;1\/2&#8243;][vc_btn title=&#8221;Whats APP +55 219999999&#8243; color=&#8221;success&#8221; align=&#8221;center&#8221; link=&#8221;url:https%3A%2F%2Fapi.whatsapp.com%2Fsend%2F%3Fphone%3D5521992231260%26text%26type%3Dphone_number%26app_absent%3D0|title:Whats%20Aoo|target:_blank&#8221;][\/vc_column_inner][\/vc_row_inner][\/vc_column][vc_column width=&#8221;1\/6&#8243;][\/vc_column][vc_column width=&#8221;1\/6&#8243; css=&#8221;.vc_custom_1716883060977{background-color: #ffffff !important;}&#8221;][\/vc_column][\/vc_row]<\/p>\n","protected":false},"author":1,"featured_media":0,"parent":0,"menu_order":0,"comment_status":"closed","ping_status":"closed","template":"entrada_templates\/contact.php","meta":{"footnotes":""},"class_list":["post-3958","page","type-page","status-publish","hentry"],"_links":{"self":[{"href":"https:\/\/caminhostours.com\/br\/wp-json\/wp\/v2\/pages\/3958","targetHints":{"allow":["GET"]}}],"collection":[{"href":"https:\/\/caminhostours.com\/br\/wp-json\/wp\/v2\/pages"}],"about":[{"href":"https:\/\/caminhostours.com\/br\/wp-json\/wp\/v2\/types\/page"}],"author":[{"embeddable":true,"href":"https:\/\/caminhostours.com\/br\/wp-json\/wp\/v2\/users\/1"}],"replies":[{"embeddable":true,"href":"https:\/\/caminhostours.com\/br\/wp-json\/wp\/v2\/comments?post=3958"}],"version-history":[{"count":18,"href":"https:\/\/caminhostours.com\/br\/wp-json\/wp\/v2\/pages\/3958\/revisions"}],"predecessor-version":[{"id":4129,"href":"https:\/\/caminhostours.com\/br\/wp-json\/wp\/v2\/pages\/3958\/revisions\/4129"}],"wp:attachment":[{"href":"https:\/\/caminhostours.com\/br\/wp-json\/wp\/v2\/media?parent=3958"}],"curies":[{"name":"wp","href":"https:\/\/api.w.org\/{rel}","templated":true}]}}