{"id":749,"date":"2016-05-19T05:17:51","date_gmt":"2016-05-19T05:17:51","guid":{"rendered":"http:\/\/www.waituk.com\/entrada\/default\/?page_id=749"},"modified":"2024-10-15T08:58:31","modified_gmt":"2024-10-15T07:58:31","slug":"about-us","status":"publish","type":"page","link":"https:\/\/caminhostours.com\/br\/sobre-nos\/","title":{"rendered":"Nossa Hist\u00f3ria"},"content":{"rendered":"<div class=\"wpb-content-wrapper\"><p>[vc_row css=&#8221;.vc_custom_1712534057037{background-color: #ffffff !important;}&#8221;][vc_column]<header class='content-heading'>\n\t\t\t\t\t\t<h2 class='main-heading'>Nossa hist\u00f3ria<\/h2>\n\t\t\t\t\t\t<div class='main-subtitle'><\/div>\n\t\t\t\t\t\t<div class='seperator'><\/div>\n\t\t\t\t\t<\/header><div class=\"adventure-holder gallery-home-holder text-block\"><div class=\"centered\"><p class=\"intro\">Bart e Jascha, os fundadores da Caminhos, fizeram uma parceria com Davi, que cresceu na Casa do Caminhos para crian\u00e7as em Xer\u00e9m, para come\u00e7ar a Caminhos Bikes &amp; Tours. Nosso objetivo \u00e9 simples: amamos o Rio e queremos mostrar sua beleza de uma forma divertida e ativa. Mas queremos fazer mais do que apenas oferecer passeios. Nosso objetivo \u00e9 ajudar jovens de \u00e1reas menos favorecidas a se tornarem guias tur\u00edsticos e anfitri\u00f5es. N\u00f3s os ensinamos a guiar passeios, damos aulas de idiomas, os ajudamos a desenvolver habilidades sociais e muito mais. Cada passeio que voc\u00ea faz conosco faz duas coisas excelentes: mostra o melhor do Rio e apoia o Mais Caminhos, nosso programa que ajuda esses jovens adultos a construir um futuro melhor. Com a Caminhos Bikes &amp; Tours, voc\u00ea n\u00e3o est\u00e1 apenas explorando o Rio; voc\u00ea est\u00e1 fazendo a diferen\u00e7a.<\/p><\/div><\/div><header class='content-heading'>\n\t\t\t\t\t\t<h2 class='main-heading'><\/h2>\n\t\t\t\t\t\t<div class='main-subtitle'><p style=\"text-align: center;\"><img loading=\"lazy\" decoding=\"async\" class=\"alignnone wp-image-3680\" src=\"https:\/\/caminhostours.com\/\/wp-content\/uploads\/2016\/05\/positive-impact-1024x965.png\" alt=\"\" width=\"122\" height=\"115\" srcset=\"https:\/\/caminhostours.com\/wp-content\/uploads\/2016\/05\/positive-impact-1024x965.png 1024w, https:\/\/caminhostours.com\/wp-content\/uploads\/2016\/05\/positive-impact-300x283.png 300w, https:\/\/caminhostours.com\/wp-content\/uploads\/2016\/05\/positive-impact-768x724.png 768w, https:\/\/caminhostours.com\/wp-content\/uploads\/2016\/05\/positive-impact-600x565.png 600w, https:\/\/caminhostours.com\/wp-content\/uploads\/2016\/05\/positive-impact.png 1247w\" sizes=\"auto, (max-width: 122px) 100vw, 122px\" \/><\/p>\n<\/div>\n\t\t\t\t\t\t<div class='seperator'><\/div>\n\t\t\t\t\t<\/header>[\/vc_column][\/vc_row][vc_row css=&#8221;.vc_custom_1712534130471{background-color: #ffffff !important;}&#8221;][vc_column][vc_row_inner][vc_column_inner width=&#8221;1\/2&#8243;]<div class=\"adventure-holder gallery-home-holder text-block\"><div class=\"centered\"><h2 class=\"intro-heading\">Davi (co-propriet\u00e1rio) &amp; Caminhos<\/h2><p class=\"intro\">A hist\u00f3ria de Davi se entrela\u00e7a com a Caminhos, come\u00e7ando na Casa do Caminho, um lar para crian\u00e7as onde o nome Caminhos se originou. \u00c9 um lugar querido tanto por Davi quanto pelos fundadores da Caminhos, que se voluntariaram l\u00e1. Ap\u00f3s sua viagem de estudos para a Holanda, apoiado pelo Caminhos Language Centre, Davi voltou para passar oito anos liderando passeios e atividades, tornando-se um farol de inspira\u00e7\u00e3o para as crian\u00e7as do Mais Caminhos. Agora, como copropriet\u00e1rio da Caminhos Bikes and Tours e seu prov\u00e1vel guia em caminhadas, passeios em favelas e passeios de bicicleta, conhecer Davi conecta voc\u00ea diretamente \u00e0s ra\u00edzes e ao esp\u00edrito da Caminhos, conforme imaginado por seus fundadores.<\/p>\n<p>- No lado direito, observe que a jornada de interc\u00e2mbio de Davi aos 18 anos foi destacada em um document\u00e1rio da TV holandesa, enfatizando sua experi\u00eancia significativa com a Caminhos.<\/p><\/div><\/div>[\/vc_column_inner][vc_column_inner width=&#8221;1\/2&#8243; css=&#8221;.vc_custom_1711452828179{margin-top: 50px !important;margin-right: 50px !important;margin-bottom: 50px !important;margin-left: 50px !important;border-top-width: 30px !important;border-right-width: 30px !important;border-bottom-width: 30px !important;border-left-width: 30px !important;}&#8221;][vc_raw_html]aHR0cHMlM0ElMkYlMkZ3d3cueW91dHViZS5jb20lMkZ3YXRjaCUzRnYlM0R5Y3ZHalhzMzNxOCUwQSUwQQ==[\/vc_raw_html][\/vc_column_inner][\/vc_row_inner][\/vc_column][\/vc_row][vc_row entrada_row_bgcolor=&#8221;bg-white&#8221;][vc_column]<header class='content-heading'>\n\t\t\t\t\t\t<h2 class='main-heading'>Caminhos<\/h2>\n\t\t\t\t\t\t<div class='main-subtitle'><p>Desde 2009, a Caminhos unificou com sucesso educa\u00e7\u00e3o, a\u00e7\u00e3o social, sustentabilidade e divers\u00e3o por meio do empreendedorismo social, combinando o aprendizado imersivo do Caminhos Language Centre, as iniciativas de capacita\u00e7\u00e3o da Mais Caminhos, as pr\u00e1ticas ecol\u00f3gicas da EcoCaminhos e o esp\u00edrito explorat\u00f3rio da Caminhos Bikes and Tours.<\/p>\n<\/div>\n\t\t\t\t\t\t<div class='seperator'><\/div>\n\t\t\t\t\t<\/header>[vc_row_inner][vc_column_inner width=&#8221;1\/4&#8243;]<article class=\"article text-center article-top-space\"><div class=\"img-wrap1\">\n\t\t\t\t\t<img decoding=\"async\"  src=\"https:\/\/caminhostours.com\/wp-content\/uploads\/2024\/03\/CAMINHOSlanguagecentre_quadrado-2.jpg\" alt=\"image description\">\n\t\t\t\t <\/div><div class=\"description\">\n\t\t\t\t\t\t\t<h3>Centro de L\u00ednguas<\/h3>\n\t\t\t\t\t\t\t<p>Mergulhe na cultura brasileira enquanto aprende portugu\u00eas no Caminhos Language Centre. Nossos m\u00e9todos din\u00e2micos e atividades sociais garantem um aprendizado r\u00e1pido e divertido no vibrante cora\u00e7\u00e3o do Rio de Janeiro.<\/p>\n\t\t\t\t\t\t<\/div><\/article>[\/vc_column_inner][vc_column_inner width=&#8221;1\/4&#8243;]<article class=\"article text-center article-top-space\"><div class=\"img-wrap1\">\n\t\t\t\t\t<img decoding=\"async\"  src=\"https:\/\/caminhostours.com\/wp-content\/uploads\/2024\/03\/ecoCAMINHOSsquare-01.png\" alt=\"image description\">\n\t\t\t\t <\/div><div class=\"description\">\n\t\t\t\t\t\t\t<h3>Eco Caminhos<\/h3>\n\t\t\t\t\t\t\t<p>Descubra a vida sustent\u00e1vel no EcoCaminhos nas montanhas de tirar o f\u00f4lego do Brasil. Nossa eco-fazenda mistura agricultura org\u00e2nica, energia renov\u00e1vel e projetos de eco-constru\u00e7\u00e3o, oferecendo experi\u00eancias pr\u00e1ticas na harmonia da natureza.<\/p>\n\t\t\t\t\t\t<\/div><\/article>[\/vc_column_inner][vc_column_inner width=&#8221;1\/4&#8243;]<article class=\"article text-center article-top-space\"><div class=\"img-wrap1\">\n\t\t\t\t\t<img decoding=\"async\"  src=\"https:\/\/caminhostours.com\/wp-content\/uploads\/2024\/03\/mais-caminhos-red-frame.png\" alt=\"image description\">\n\t\t\t\t <\/div><div class=\"description\">\n\t\t\t\t\t\t\t<h3>Mais Caminhos<\/h3>\n\t\t\t\t\t\t\t<p>Mais Caminhos impulsiona a mudan\u00e7a social ao empoderar os jovens carentes do Rio com a ajuda de volunt\u00e1rios. Por meio da educa\u00e7\u00e3o, atividades culturais e comunidade solid\u00e1ria, constru\u00edmos caminhos para futuros mais brilhantes, promovendo a resili\u00eancia<\/p>\n\t\t\t\t\t\t<\/div><\/article>[\/vc_column_inner][vc_column_inner width=&#8221;1\/4&#8243;]<article class=\"article text-center article-top-space\"><div class=\"img-wrap1\">\n\t\t\t\t\t<img decoding=\"async\"  src=\"https:\/\/caminhostours.com\/wp-content\/uploads\/2024\/03\/caminhos-tours-quadrado-2.jpg\" alt=\"image description\">\n\t\t\t\t <\/div><div class=\"description\">\n\t\t\t\t\t\t\t<h3>Bicicletas e Passeios<\/h3>\n\t\t\t\t\t\t\t<p>Experimente as paisagens deslumbrantes do Rio de Janeiro de perto com a Caminhos Bikes and Tours. Nossos passeios de bicicleta guiados revelam as joias escondidas da cidade, misturando aventura com insights culturais para uma jornada inesquec\u00edvel<\/p>\n\t\t\t\t\t\t<\/div><\/article>[\/vc_column_inner][\/vc_row_inner]<header class='content-heading'>\n\t\t\t\t\t\t<h2 class='main-heading'>Conquistas<\/h2>\n\t\t\t\t\t\t<div class='main-subtitle'><p>Desde 2009, a Mais Caminhos, em colabora\u00e7\u00e3o com volunt\u00e1rios internacionais, vem orquestrando projetos sociais. Para uma breve vis\u00e3o geral da nossa hist\u00f3ria e conquistas,<a href=\"https:\/\/maiscaminhos.org\/who-we-are\/history\/\" target=\"_blank\" rel=\"noopener\"> Clique aqui<\/a><\/p>\n<\/div>\n\t\t\t\t\t\t<div class='seperator'><\/div>\n\t\t\t\t\t<\/header>[\/vc_column][\/vc_row][vc_row wrapper_container=&#8221;count-block&#8221;][vc_column width=&#8221;1\/4&#8243; css=&#8221;.vc_custom_1710969046746{background-color: #ff7010 !important;}&#8221;]<div class=\"holder block-1\">\n\t\t\t\t\t\t\t<span class=\"icon icon-heart\"><\/span>\n\t\t\t\t\t\t\t<span class=\"info\"><span class=\"counter\">1006<\/span><\/span>\n\t\t\t\t\t\t\t<span class=\"txt\">Crian\u00e7as<\/span>\n\t\t\t\t\t\t<\/div>[\/vc_column][vc_column width=&#8221;1\/4&#8243;]<div class=\"holder block-2\">\n\t\t\t\t\t\t\t<span class=\"icon icon-plus\"><\/span>\n\t\t\t\t\t\t\t<span class=\"info\"><span class=\"counter\">803<\/span><\/span>\n\t\t\t\t\t\t\t<span class=\"txt\">Adolescentes e adultos<\/span>\n\t\t\t\t\t\t<\/div>[\/vc_column][vc_column width=&#8221;1\/4&#8243;]<div class=\"holder block-3\">\n\t\t\t\t\t\t\t<span class=\"icon icon-world\"><\/span>\n\t\t\t\t\t\t\t<span class=\"info\"><span class=\"counter\">26<\/span><\/span>\n\t\t\t\t\t\t\t<span class=\"txt\">Programas de Interc\u00e2mbio<\/span>\n\t\t\t\t\t\t<\/div>[\/vc_column][vc_column width=&#8221;1\/4&#8243;]<div class=\"holder block-4\">\n\t\t\t\t\t\t\t<span class=\"icon icon-family\"><\/span>\n\t\t\t\t\t\t\t<span class=\"info\"><span class=\"counter\">412<\/span><\/span>\n\t\t\t\t\t\t\t<span class=\"txt\">Volunt\u00e1rios<\/span>\n\t\t\t\t\t\t<\/div>[\/vc_column][\/vc_row]<\/p>\n<\/div>","protected":false},"excerpt":{"rendered":"<p>[vc_row css=&#8221;.vc_custom_1712534057037{background-color: #ffffff !important;}&#8221;][vc_column][\/vc_column][\/vc_row][vc_row css=&#8221;.vc_custom_1712534130471{background-color: #ffffff !important;}&#8221;][vc_column][vc_row_inner][vc_column_inner width=&#8221;1\/2&#8243;][\/vc_column_inner][vc_column_inner width=&#8221;1\/2&#8243; css=&#8221;.vc_custom_1711452828179{margin-top: 50px !important;margin-right: 50px !important;margin-bottom: 50px !important;margin-left: 50px !important;border-top-width: 30px !important;border-right-width: 30px !important;border-bottom-width: 30px !important;border-left-width: 30px !important;}&#8221;][vc_raw_html]aHR0cHMlM0ElMkYlMkZ3d3cueW91dHViZS5jb20lMkZ3YXRjaCUzRnYlM0R5Y3ZHalhzMzNxOCUwQSUwQQ==[\/vc_raw_html][\/vc_column_inner][\/vc_row_inner][\/vc_column][\/vc_row][vc_row entrada_row_bgcolor=&#8221;bg-white&#8221;][vc_column][vc_row_inner][vc_column_inner width=&#8221;1\/4&#8243;][\/vc_column_inner][vc_column_inner width=&#8221;1\/4&#8243;][\/vc_column_inner][vc_column_inner width=&#8221;1\/4&#8243;][\/vc_column_inner][vc_column_inner width=&#8221;1\/4&#8243;][\/vc_column_inner][\/vc_row_inner][\/vc_column][\/vc_row][vc_row wrapper_container=&#8221;count-block&#8221;][vc_column width=&#8221;1\/4&#8243; css=&#8221;.vc_custom_1710969046746{background-color: #ff7010 !important;}&#8221;][\/vc_column][vc_column width=&#8221;1\/4&#8243;][\/vc_column][vc_column width=&#8221;1\/4&#8243;][\/vc_column][vc_column width=&#8221;1\/4&#8243;][\/vc_column][\/vc_row]<\/p>\n","protected":false},"author":1,"featured_media":3176,"parent":0,"menu_order":0,"comment_status":"closed","ping_status":"closed","template":"","meta":{"footnotes":""},"class_list":["post-749","page","type-page","status-publish","has-post-thumbnail","hentry"],"_links":{"self":[{"href":"https:\/\/caminhostours.com\/br\/wp-json\/wp\/v2\/pages\/749","targetHints":{"allow":["GET"]}}],"collection":[{"href":"https:\/\/caminhostours.com\/br\/wp-json\/wp\/v2\/pages"}],"about":[{"href":"https:\/\/caminhostours.com\/br\/wp-json\/wp\/v2\/types\/page"}],"author":[{"embeddable":true,"href":"https:\/\/caminhostours.com\/br\/wp-json\/wp\/v2\/users\/1"}],"replies":[{"embeddable":true,"href":"https:\/\/caminhostours.com\/br\/wp-json\/wp\/v2\/comments?post=749"}],"version-history":[{"count":81,"href":"https:\/\/caminhostours.com\/br\/wp-json\/wp\/v2\/pages\/749\/revisions"}],"predecessor-version":[{"id":4114,"href":"https:\/\/caminhostours.com\/br\/wp-json\/wp\/v2\/pages\/749\/revisions\/4114"}],"wp:featuredmedia":[{"embeddable":true,"href":"https:\/\/caminhostours.com\/br\/wp-json\/wp\/v2\/media\/3176"}],"wp:attachment":[{"href":"https:\/\/caminhostours.com\/br\/wp-json\/wp\/v2\/media?parent=749"}],"curies":[{"name":"wp","href":"https:\/\/api.w.org\/{rel}","templated":true}]}}