{"id":3853,"date":"2024-05-16T12:06:38","date_gmt":"2024-05-16T11:06:38","guid":{"rendered":"https:\/\/caminhostours.com\/?post_type=product&#038;p=3853"},"modified":"2024-12-03T09:40:51","modified_gmt":"2024-12-03T09:40:51","slug":"dois-irmaos-hike","status":"publish","type":"product","link":"https:\/\/caminhostours.com\/br\/product\/dois-irmaos-hike\/","title":{"rendered":"Trilha Dois Irm\u00e3os"},"content":{"rendered":"<h3>Descubra a Trilha Dois Irm\u00e3os com Caminhos Bikes &amp; Tours<\/h3>\n<p>Viva o Rio de Janeiro como nunca antes com a Trilha Dois Irm\u00e3os da Caminhos Bikes &amp; Tours. Comece com um emocionante passeio de moto pela vibrante comunidade do Vidigal. Suba a montanha Dois Irm\u00e3os para vistas panor\u00e2micas de tirar o f\u00f4lego. Guiado por especialistas, esta aventura oferece uma combina\u00e7\u00e3o \u00fanica de imers\u00e3o cultural e beleza natural, tornando-a uma jornada inesquec\u00edvel pelo cora\u00e7\u00e3o e alma do Rio.<\/p>\n","protected":false},"excerpt":{"rendered":"<p>&nbsp;<\/p>\n<p>&nbsp;<\/p>\n<p><img loading=\"lazy\" decoding=\"async\" class=\"wp-image-3680 alignright\" src=\"https:\/\/caminhostours.com\/\/wp-content\/uploads\/2016\/05\/positive-impact-1024x965.png\" alt=\"\" width=\"197\" height=\"186\" srcset=\"https:\/\/caminhostours.com\/wp-content\/uploads\/2016\/05\/positive-impact-1024x965.png 1024w, https:\/\/caminhostours.com\/wp-content\/uploads\/2016\/05\/positive-impact-300x283.png 300w, https:\/\/caminhostours.com\/wp-content\/uploads\/2016\/05\/positive-impact-768x724.png 768w, https:\/\/caminhostours.com\/wp-content\/uploads\/2016\/05\/positive-impact-600x565.png 600w, https:\/\/caminhostours.com\/wp-content\/uploads\/2016\/05\/positive-impact.png 1247w\" sizes=\"auto, (max-width: 197px) 100vw, 197px\" \/><\/p>\n<p>&nbsp;<\/p>\n<div>\n<ul>\n<li style=\"text-align: left;\">\n<h3 class=\"h3i\"><strong>Hor\u00e1rio de in\u00edcio<\/strong>:\u00a0 \u00a0Flex\u00edvel<\/h3>\n<\/li>\n<li style=\"text-align: left;\">\n<h3 class=\"h3i\">Dura\u00e7\u00e3o:\u00a0 \u00a0 \u00a04<strong> horas<\/strong><\/h3>\n<\/li>\n<li style=\"text-align: left;\">\n<h3 class=\"h3i\">Dias:\u00a0 \u00a0 \u00a0 \u00a0 \u00a0 \u00a0 Todos os dias<\/h3>\n<\/li>\n<li style=\"text-align: left;\">\n<h3 class=\"h3i\">Localiza\u00e7\u00e3o: \u00a0 \u00a0 <strong>Rua Farme de Amoedo 135\u00a0 \u00a0 \u00a0 \u00a0 \u00a0 \u00a0 \u00a0<\/strong><\/h3>\n<\/li>\n<\/ul>\n<\/div>\n","protected":false},"featured_media":3856,"comment_status":"open","ping_status":"closed","template":"","meta":[],"product_brand":[],"product_cat":[142,96],"product_tag":[141],"class_list":{"0":"post-3853","1":"product","2":"type-product","3":"status-publish","4":"has-post-thumbnail","6":"product_cat-bike-tour","7":"product_cat-mountain","8":"product_tag-bike","9":"holiday_type-culture","10":"holiday_type-cycling","11":"destination-brasil","12":"destination-rio-de-janeiro","13":"activity_level-leisurely","15":"first","16":"instock","17":"sold-individually","18":"shipping-taxable","19":"purchasable","20":"product-type-booking"},"_links":{"self":[{"href":"https:\/\/caminhostours.com\/br\/wp-json\/wp\/v2\/product\/3853","targetHints":{"allow":["GET"]}}],"collection":[{"href":"https:\/\/caminhostours.com\/br\/wp-json\/wp\/v2\/product"}],"about":[{"href":"https:\/\/caminhostours.com\/br\/wp-json\/wp\/v2\/types\/product"}],"replies":[{"embeddable":true,"href":"https:\/\/caminhostours.com\/br\/wp-json\/wp\/v2\/comments?post=3853"}],"wp:featuredmedia":[{"embeddable":true,"href":"https:\/\/caminhostours.com\/br\/wp-json\/wp\/v2\/media\/3856"}],"wp:attachment":[{"href":"https:\/\/caminhostours.com\/br\/wp-json\/wp\/v2\/media?parent=3853"}],"wp:term":[{"taxonomy":"product_brand","embeddable":true,"href":"https:\/\/caminhostours.com\/br\/wp-json\/wp\/v2\/product_brand?post=3853"},{"taxonomy":"product_cat","embeddable":true,"href":"https:\/\/caminhostours.com\/br\/wp-json\/wp\/v2\/product_cat?post=3853"},{"taxonomy":"product_tag","embeddable":true,"href":"https:\/\/caminhostours.com\/br\/wp-json\/wp\/v2\/product_tag?post=3853"}],"curies":[{"name":"wp","href":"https:\/\/api.w.org\/{rel}","templated":true}]}}