{"id":3868,"date":"2024-05-21T10:09:37","date_gmt":"2024-05-21T09:09:37","guid":{"rendered":"https:\/\/caminhostours.com\/?post_type=product&#038;p=3868"},"modified":"2024-12-03T09:41:46","modified_gmt":"2024-12-03T09:41:46","slug":"christ-the-redeemer-hike","status":"publish","type":"product","link":"https:\/\/caminhostours.com\/br\/product\/christ-the-redeemer-hike\/","title":{"rendered":"Trilha para o Cristo Redentor"},"content":{"rendered":"<h3>Trilha para o Cristo Redentor com Caminhos Bikes &amp; Tours<\/h3>\n<p>Aproveite o Rio de Janeiro de uma forma especial com a Trilha para o Cristo Redentor da Caminhos Bikes &amp; Tours. Sua aventura come\u00e7a com uma bela caminhada pela verde Mata Atl\u00e2ntica no Parque Nacional da Tijuca, levando voc\u00ea at\u00e9 a famosa est\u00e1tua do Cristo Redentor. Suba o Morro do Corcovado para vistas incr\u00edveis de toda a cidade. Guiada por especialistas do nosso programa social, esta experi\u00eancia combina a beleza natural com a riqueza cultural, tornando-se uma jornada inesquec\u00edvel no cora\u00e7\u00e3o do Rio.<\/p>\n","protected":false},"excerpt":{"rendered":"<p>&nbsp;<\/p>\n<p>&nbsp;<\/p>\n<p><img loading=\"lazy\" decoding=\"async\" class=\"wp-image-3680 alignright\" src=\"https:\/\/caminhostours.com\/\/wp-content\/uploads\/2016\/05\/positive-impact-1024x965.png\" alt=\"\" width=\"197\" height=\"186\" srcset=\"https:\/\/caminhostours.com\/wp-content\/uploads\/2016\/05\/positive-impact-1024x965.png 1024w, https:\/\/caminhostours.com\/wp-content\/uploads\/2016\/05\/positive-impact-300x283.png 300w, https:\/\/caminhostours.com\/wp-content\/uploads\/2016\/05\/positive-impact-768x724.png 768w, https:\/\/caminhostours.com\/wp-content\/uploads\/2016\/05\/positive-impact-600x565.png 600w, https:\/\/caminhostours.com\/wp-content\/uploads\/2016\/05\/positive-impact.png 1247w\" sizes=\"auto, (max-width: 197px) 100vw, 197px\" \/><\/p>\n<p>&nbsp;<\/p>\n<div>\n<ul>\n<li style=\"text-align: left;\">\n<h3 class=\"h3i\"><strong>Hor\u00e1rio de in\u00edcio:<\/strong><\/h3>\n<h3 class=\"h3i\">Pela manh\u00e3<\/h3>\n<\/li>\n<li style=\"text-align: left;\">\n<h3 class=\"h3i\">Dura\u00e7\u00e3o:\u00a0 \u00a0 \u00a06<strong> horas<\/strong><\/h3>\n<\/li>\n<li style=\"text-align: left;\">\n<h3 class=\"h3i\">Dias:\u00a0 \u00a0 \u00a0 \u00a0 \u00a0 \u00a0 \u00a0<strong>Todos os dias<\/strong><\/h3>\n<\/li>\n<li style=\"text-align: left;\">\n<h3 class=\"h3i\">Localiza\u00e7\u00e3o: \u00a0 \u00a0 <strong>Rua Farme de Amoedo 135\u00a0 \u00a0 \u00a0 \u00a0 \u00a0 \u00a0 \u00a0<\/strong><\/h3>\n<\/li>\n<\/ul>\n<\/div>\n","protected":false},"featured_media":3869,"comment_status":"open","ping_status":"closed","template":"","meta":[],"product_brand":[],"product_cat":[146,96],"product_tag":[141],"class_list":{"0":"post-3868","1":"product","2":"type-product","3":"status-publish","4":"has-post-thumbnail","6":"product_cat-hike","7":"product_cat-mountain","8":"product_tag-bike","9":"activity_level-challenging","11":"first","12":"instock","13":"sold-individually","14":"shipping-taxable","15":"purchasable","16":"product-type-booking"},"_links":{"self":[{"href":"https:\/\/caminhostours.com\/br\/wp-json\/wp\/v2\/product\/3868","targetHints":{"allow":["GET"]}}],"collection":[{"href":"https:\/\/caminhostours.com\/br\/wp-json\/wp\/v2\/product"}],"about":[{"href":"https:\/\/caminhostours.com\/br\/wp-json\/wp\/v2\/types\/product"}],"replies":[{"embeddable":true,"href":"https:\/\/caminhostours.com\/br\/wp-json\/wp\/v2\/comments?post=3868"}],"wp:featuredmedia":[{"embeddable":true,"href":"https:\/\/caminhostours.com\/br\/wp-json\/wp\/v2\/media\/3869"}],"wp:attachment":[{"href":"https:\/\/caminhostours.com\/br\/wp-json\/wp\/v2\/media?parent=3868"}],"wp:term":[{"taxonomy":"product_brand","embeddable":true,"href":"https:\/\/caminhostours.com\/br\/wp-json\/wp\/v2\/product_brand?post=3868"},{"taxonomy":"product_cat","embeddable":true,"href":"https:\/\/caminhostours.com\/br\/wp-json\/wp\/v2\/product_cat?post=3868"},{"taxonomy":"product_tag","embeddable":true,"href":"https:\/\/caminhostours.com\/br\/wp-json\/wp\/v2\/product_tag?post=3868"}],"curies":[{"name":"wp","href":"https:\/\/api.w.org\/{rel}","templated":true}]}}