{"id":3895,"date":"2024-05-22T11:01:09","date_gmt":"2024-05-22T10:01:09","guid":{"rendered":"https:\/\/caminhostours.com\/?post_type=product&#038;p=3895"},"modified":"2025-01-03T06:43:08","modified_gmt":"2025-01-03T06:43:08","slug":"surf-classes","status":"publish","type":"product","link":"https:\/\/caminhostours.com\/br\/product\/surf-classes\/","title":{"rendered":"Surf Classes"},"content":{"rendered":"<p>As aulas de surfe no Rio permitem que voc\u00ea pegue ondas. Iniciantes aprendem a surfar, enquanto os especialistas aprimoram suas habilidades. Os instrutores ensinam a emo\u00e7\u00e3o de surfar. Sinta a vibe do surfe carioca. Domine as ondas em praias deslumbrantes. A Caminhos oferece divers\u00e3o \u00e9pica no surfe.<\/p>\n","protected":false},"excerpt":{"rendered":"<p>&nbsp;<\/p>\n<p>&nbsp;<\/p>\n<p><img loading=\"lazy\" decoding=\"async\" class=\"wp-image-3680 alignright\" src=\"https:\/\/caminhostours.com\/\/wp-content\/uploads\/2016\/05\/positive-impact-1024x965.png\" alt=\"\" width=\"197\" height=\"186\" srcset=\"https:\/\/caminhostours.com\/wp-content\/uploads\/2016\/05\/positive-impact-1024x965.png 1024w, https:\/\/caminhostours.com\/wp-content\/uploads\/2016\/05\/positive-impact-300x283.png 300w, https:\/\/caminhostours.com\/wp-content\/uploads\/2016\/05\/positive-impact-768x724.png 768w, https:\/\/caminhostours.com\/wp-content\/uploads\/2016\/05\/positive-impact-600x565.png 600w, https:\/\/caminhostours.com\/wp-content\/uploads\/2016\/05\/positive-impact.png 1247w\" sizes=\"auto, (max-width: 197px) 100vw, 197px\" \/><\/p>\n<p>&nbsp;<\/p>\n<div>\n<ul>\n<li style=\"text-align: left;\">\n<h3 class=\"h3i\">Hor\u00e1rio de in\u00edcio:\u00a0 \u00a0 Flex\u00edvel<\/h3>\n<\/li>\n<li style=\"text-align: left;\">\n<h3 class=\"h3i\">Dura\u00e7\u00e3o:\u00a0 \u00a0 1 hora (pre\u00e7os dos pacotes sob consulta)<strong>\u00a0<\/strong><\/h3>\n<\/li>\n<li style=\"text-align: left;\">\n<h3 class=\"h3i\">Dias:\u00a0 \u00a0 \u00a0 \u00a0 \u00a0 \u00a0 Todos os dias com boas ondas<\/h3>\n<\/li>\n<li style=\"text-align: left;\">\n<h3 class=\"h3i\">Localiza\u00e7\u00e3o: \u00a0 Rua Farme de Amoedo 135<strong>\u00a0 \u00a0 \u00a0 \u00a0 \u00a0 \u00a0 \u00a0<\/strong><\/h3>\n<\/li>\n<\/ul>\n<\/div>\n","protected":false},"featured_media":3896,"comment_status":"open","ping_status":"closed","template":"","meta":[],"product_brand":[],"product_cat":[144,149],"product_tag":[],"class_list":{"0":"post-3895","1":"product","2":"type-product","3":"status-publish","4":"has-post-thumbnail","6":"product_cat-culture","7":"product_cat-surfclasses","8":"holiday_type-culture","9":"destination-brasil","10":"destination-rio-de-janeiro","11":"activity_level-leisurely","13":"first","14":"instock","15":"sold-individually","16":"shipping-taxable","17":"purchasable","18":"product-type-booking"},"_links":{"self":[{"href":"https:\/\/caminhostours.com\/br\/wp-json\/wp\/v2\/product\/3895","targetHints":{"allow":["GET"]}}],"collection":[{"href":"https:\/\/caminhostours.com\/br\/wp-json\/wp\/v2\/product"}],"about":[{"href":"https:\/\/caminhostours.com\/br\/wp-json\/wp\/v2\/types\/product"}],"replies":[{"embeddable":true,"href":"https:\/\/caminhostours.com\/br\/wp-json\/wp\/v2\/comments?post=3895"}],"wp:featuredmedia":[{"embeddable":true,"href":"https:\/\/caminhostours.com\/br\/wp-json\/wp\/v2\/media\/3896"}],"wp:attachment":[{"href":"https:\/\/caminhostours.com\/br\/wp-json\/wp\/v2\/media?parent=3895"}],"wp:term":[{"taxonomy":"product_brand","embeddable":true,"href":"https:\/\/caminhostours.com\/br\/wp-json\/wp\/v2\/product_brand?post=3895"},{"taxonomy":"product_cat","embeddable":true,"href":"https:\/\/caminhostours.com\/br\/wp-json\/wp\/v2\/product_cat?post=3895"},{"taxonomy":"product_tag","embeddable":true,"href":"https:\/\/caminhostours.com\/br\/wp-json\/wp\/v2\/product_tag?post=3895"}],"curies":[{"name":"wp","href":"https:\/\/api.w.org\/{rel}","templated":true}]}}