{"id":3788,"date":"2024-04-28T16:39:06","date_gmt":"2024-04-28T15:39:06","guid":{"rendered":"https:\/\/caminhostours.com\/?page_id=3788"},"modified":"2024-10-15T09:11:16","modified_gmt":"2024-10-15T08:11:16","slug":"mais-caminhos","status":"publish","type":"page","link":"https:\/\/caminhostours.com\/es\/mais-caminhos\/","title":{"rendered":"Mais Caminhos"},"content":{"rendered":"<div class=\"wpb-content-wrapper\"><p>[vc_row css=\u00bb.vc_custom_1712534130471{background-color: #ffffff !important;}\u00bb][vc_column][vc_row_inner][vc_column_inner width=\u00bb1\/2&#8243;]<div class=\"adventure-holder gallery-home-holder text-block\"><div class=\"centered\"><h2 class=\"intro-heading\">Mais Caminhos<\/h2><p class=\"intro\">Bienvenidos a Mais Caminhos: Empoderando a los j\u00f3venes cerca de Ipanema<\/p>\n<p>Las vidas de los ni\u00f1os y adolescentes desfavorecidos cerca de Ipanema, Brasil, son el foco principal de Mais Caminhos, un proyecto motivador. Este programa cuenta con el respaldo del Centro de Idiomas Caminhos y se basa en el legado emp\u00e1tico de un antiguo orfanato, Casa do Caminhos.<\/p>\n<p>Nuestro enfoque Despu\u00e9s de que el orfanato Casa do Caminhos se cerrara en 2012, Mais Caminhos comenz\u00f3 a prestar atenci\u00f3n directamente al apoyo de la generaci\u00f3n joven local. Concentramos nuestro trabajo en las comunidades ubicadas alrededor de Ipanema para garantizar su importancia.<\/p>\n<p>Qu\u00e9 hacemos Para fomentar a los j\u00f3venes en esta \u00e1rea, hemos ideado varios programas:<\/p>\n<p>Acci\u00f3n comunitaria: se trata de ``Caminhos en acci\u00f3n``, donde convocamos a voluntarios que trabajan para hacer de los hogares lugares mejores renov\u00e1ndolos, embelleciendo los espacios p\u00fablicos y mejorando las instalaciones.<\/p>\n<p>Apoyo a la ense\u00f1anza y al aprendizaje: Para mejorar el rendimiento acad\u00e9mico de los ni\u00f1os de entornos pobres, ofrecemos servicios de tutor\u00eda, clases extraescolares y un curso intensivo de ingl\u00e9s que puede crear nuevas oportunidades para ellos en el futuro.<\/p>\n<p>Experiencia de vida: Hasta ahora, m\u00e1s de 27 ni\u00f1os se han beneficiado de ser llevados a programas de intercambio en Europa desde su inicio. Estas visitas ampl\u00edan sus mentes y fomentan el desarrollo personal dentro de ellos mismos.<\/p>\n<p>Ayuda familiar: Intervenimos con necesidades b\u00e1sicas como alojamiento, alimentaci\u00f3n o pago de cuotas que estabilizar\u00edan a las familias, creando as\u00ed entornos adecuados para un aprendizaje efectivo tambi\u00e9n durante los per\u00edodos educativos.<\/p>\n<p>Campamentos recreativos: Durante las vacaciones, cuando las escuelas est\u00e1n cerradas, nuestros campamentos combinan diversi\u00f3n con ense\u00f1anza, lo que permite la socializaci\u00f3n entre los estudiantes, adem\u00e1s de utilizar su tiempo libre de manera productiva.<\/p>\n<p>Todo esto no se habr\u00eda logrado si no fuera por los voluntarios internacionales que dan mucho en t\u00e9rminos de servicio para lograr el \u00e9xito en cada programa.<\/p>\n<p>Para proporcionar herramientas \u00fatiles para la construcci\u00f3n de una vida exitosa de los j\u00f3venes de la comunidad, tenemos esfuerzos en curso cuyo prop\u00f3sito es aprovechar los recursos y las oportunidades necesarias.<\/p>\n<p>Por favor, ap\u00f3yenos visitando nuestro sitio si esta misi\u00f3n toca su coraz\u00f3n o haciendo donaciones; As\u00ed como tambi\u00e9n difundir informaci\u00f3n m\u00e1s ampliamente a trav\u00e9s del voluntariado, entre otras formas posibles, para que no solo ellos sino muchos m\u00e1s como ellos puedan beneficiarse de lo que hemos establecido aqu\u00ed.<\/p><a href=\"https:\/\/maiscaminhos.org\/\" class=\"btn btn-info-sub btn-md btn-shadow radius\" target=\"_blank\" rel=\"noopener\">Mais Caminhos<\/a><\/div><\/div>[\/vc_column_inner][vc_column_inner width=\u00bb1\/2&#8243; css=\u00bb.vc_custom_1711452828179{margin-top: 50px !important;margin-right: 50px !important;margin-bottom: 50px !important;margin-left: 50px !important;border-top-width: 30px !important;border-right-width: 30px !important;border-bottom-width: 30px !important;border-left-width: 30px !important;}\u00bb][vc_raw_html]JTNDaWZyYW1lJTIwd2lkdGglM0QlMjI0NTAlMjIlMjBoZWlnaHQlM0QlMjIzNTAlMjIlMjBzcmMlM0QlMjJodHRwcyUzQSUyRiUyRnd3dy55b3V0dWJlLmNvbSUyRmVtYmVkJTJGNVVGYXlRN2ZtMnclM0ZzaSUzRHZmT3JNcENCV2JWY3l0MzUlMjIlMjB0aXRsZSUzRCUyMllvdVR1YmUlMjB2aWRlbyUyMHBsYXllciUyMiUyMGZyYW1lYm9yZGVyJTNEJTIyMCUyMiUyMGFsbG93JTNEJTIyYWNjZWxlcm9tZXRlciUzQiUyMGF1dG9wbGF5JTNCJTIwY2xpcGJvYXJkLXdyaXRlJTNCJTIwZW5jcnlwdGVkLW1lZGlhJTNCJTIwZ3lyb3Njb3BlJTNCJTIwcGljdHVyZS1pbi1waWN0dXJlJTNCJTIwd2ViLXNoYXJlJTIyJTIwcmVmZXJyZXJwb2xpY3klM0QlMjJzdHJpY3Qtb3JpZ2luLXdoZW4tY3Jvc3Mtb3JpZ2luJTIyJTIwYWxsb3dmdWxsc2NyZWVuJTNFJTNDJTJGaWZyYW1lJTNFJTBB[\/vc_raw_html][\/vc_column_inner][\/vc_row_inner][\/vc_column][\/vc_row][vc_row entrada_row_bgcolor=\u00bbbg-white\u00bb][vc_column]<header class='content-heading'>\n\t\t\t\t\t\t<h2 class='main-heading'>Caminhos<\/h2>\n\t\t\t\t\t\t<div class='main-subtitle'><p>Desde 2009, Caminhos ha unificado con \u00e9xito la educaci\u00f3n, la acci\u00f3n social, la sostenibilidad y el disfrute a trav\u00e9s del emprendimiento social, combinando el aprendizaje inmersivo de Caminhos Language Centre, las iniciativas de empoderamiento de Mais Caminhos, las pr\u00e1cticas ecol\u00f3gicas de EcoCaminhos y el esp\u00edritu exploratorio de Caminhos Bikes and Tours.<\/p>\n<\/div>\n\t\t\t\t\t\t<div class='seperator'><\/div>\n\t\t\t\t\t<\/header>[vc_row_inner][vc_column_inner width=\u00bb1\/4&#8243;]<article class=\"article text-center article-top-space\"><div class=\"img-wrap1\">\n\t\t\t\t\t<img decoding=\"async\"  src=\"https:\/\/caminhostours.com\/wp-content\/uploads\/2024\/03\/CAMINHOSlanguagecentre_quadrado-2.jpg\" alt=\"image description\">\n\t\t\t\t <\/div><div class=\"description\">\n\t\t\t\t\t\t\t<h3>Centro de idiomas<\/h3>\n\t\t\t\t\t\t\t<p>Sum\u00e9rgete en la cultura brasile\u00f1a mientras aprendes portugu\u00e9s en Caminhos Language Centre. Nuestros m\u00e9todos din\u00e1micos y actividades sociales garantizan un aprendizaje r\u00e1pido y divertido en el vibrante coraz\u00f3n de R\u00edo de Janeiro.<\/p>\n\t\t\t\t\t\t<\/div><\/article>[\/vc_column_inner][vc_column_inner width=\u00bb1\/4&#8243;]<article class=\"article text-center article-top-space\"><div class=\"img-wrap1\">\n\t\t\t\t\t<img decoding=\"async\"  src=\"https:\/\/caminhostours.com\/wp-content\/uploads\/2024\/03\/ecoCAMINHOSsquare-01.png\" alt=\"image description\">\n\t\t\t\t <\/div><div class=\"description\">\n\t\t\t\t\t\t\t<h3>Eco Caminhos<\/h3>\n\t\t\t\t\t\t\t<p>Descubra la vida sostenible en EcoCaminhos, en las impresionantes monta\u00f1as de Brasil. Nuestra granja ecol\u00f3gica combina la agricultura org\u00e1nica, la energ\u00eda renovable y los proyectos de construcci\u00f3n ecol\u00f3gica, y ofrece experiencias pr\u00e1cticas en armon\u00eda con la naturaleza.<\/p>\n\t\t\t\t\t\t<\/div><\/article>[\/vc_column_inner][vc_column_inner width=\u00bb1\/4&#8243;]<article class=\"article text-center article-top-space\"><div class=\"img-wrap1\">\n\t\t\t\t\t<img decoding=\"async\"  src=\"https:\/\/caminhostours.com\/wp-content\/uploads\/2024\/03\/mais-caminhos-red-frame.png\" alt=\"image description\">\n\t\t\t\t <\/div><div class=\"description\">\n\t\t\t\t\t\t\t<h3>Mais Caminhos<\/h3>\n\t\t\t\t\t\t\t<p>Mais Caminhos impulsa el cambio social empoderando a los j\u00f3venes desfavorecidos de R\u00edo con la ayuda de voluntarios. A trav\u00e9s de la educaci\u00f3n, las actividades culturales y una comunidad solidaria, construimos caminos hacia un futuro m\u00e1s brillante y fomentamos la resiliencia.<\/p>\n\t\t\t\t\t\t<\/div><\/article>[\/vc_column_inner][vc_column_inner width=\u00bb1\/4&#8243;]<article class=\"article text-center article-top-space\"><div class=\"img-wrap1\">\n\t\t\t\t\t<img decoding=\"async\"  src=\"https:\/\/caminhostours.com\/wp-content\/uploads\/2024\/03\/caminhos-tours-quadrado-2.jpg\" alt=\"image description\">\n\t\t\t\t <\/div><div class=\"description\">\n\t\t\t\t\t\t\t<h3>Bicicletas y tours<\/h3>\n\t\t\t\t\t\t\t<p>Experimente de cerca los impresionantes paisajes de R\u00edo de Janeiro con Caminhos Bikes and Tours. Nuestros recorridos guiados en bicicleta revelan las joyas ocultas de la ciudad, combinando aventura con conocimientos culturales para un viaje inolvidable.<\/p>\n\t\t\t\t\t\t<\/div><\/article>[\/vc_column_inner][\/vc_row_inner][\/vc_column][\/vc_row]<\/p>\n<\/div>","protected":false},"excerpt":{"rendered":"<p>[vc_row css=\u00bb.vc_custom_1712534130471{background-color: #ffffff !important;}\u00bb][vc_column][vc_row_inner][vc_column_inner width=\u00bb1\/2&#8243;][\/vc_column_inner][vc_column_inner width=\u00bb1\/2&#8243; css=\u00bb.vc_custom_1711452828179{margin-top: 50px !important;margin-right: 50px !important;margin-bottom: 50px !important;margin-left: 50px !important;border-top-width: 30px !important;border-right-width: 30px !important;border-bottom-width: 30px !important;border-left-width: 30px !important;}\u00bb][vc_raw_html]JTNDaWZyYW1lJTIwd2lkdGglM0QlMjI0NTAlMjIlMjBoZWlnaHQlM0QlMjIzNTAlMjIlMjBzcmMlM0QlMjJodHRwcyUzQSUyRiUyRnd3dy55b3V0dWJlLmNvbSUyRmVtYmVkJTJGNVVGYXlRN2ZtMnclM0ZzaSUzRHZmT3JNcENCV2JWY3l0MzUlMjIlMjB0aXRsZSUzRCUyMllvdVR1YmUlMjB2aWRlbyUyMHBsYXllciUyMiUyMGZyYW1lYm9yZGVyJTNEJTIyMCUyMiUyMGFsbG93JTNEJTIyYWNjZWxlcm9tZXRlciUzQiUyMGF1dG9wbGF5JTNCJTIwY2xpcGJvYXJkLXdyaXRlJTNCJTIwZW5jcnlwdGVkLW1lZGlhJTNCJTIwZ3lyb3Njb3BlJTNCJTIwcGljdHVyZS1pbi1waWN0dXJlJTNCJTIwd2ViLXNoYXJlJTIyJTIwcmVmZXJyZXJwb2xpY3klM0QlMjJzdHJpY3Qtb3JpZ2luLXdoZW4tY3Jvc3Mtb3JpZ2luJTIyJTIwYWxsb3dmdWxsc2NyZWVuJTNFJTNDJTJGaWZyYW1lJTNFJTBB[\/vc_raw_html][\/vc_column_inner][\/vc_row_inner][\/vc_column][\/vc_row][vc_row entrada_row_bgcolor=\u00bbbg-white\u00bb][vc_column][vc_row_inner][vc_column_inner width=\u00bb1\/4&#8243;][\/vc_column_inner][vc_column_inner width=\u00bb1\/4&#8243;][\/vc_column_inner][vc_column_inner width=\u00bb1\/4&#8243;][\/vc_column_inner][vc_column_inner width=\u00bb1\/4&#8243;][\/vc_column_inner][\/vc_row_inner][\/vc_column][\/vc_row]<\/p>\n","protected":false},"author":1,"featured_media":3176,"parent":0,"menu_order":0,"comment_status":"closed","ping_status":"closed","template":"","meta":{"footnotes":""},"class_list":["post-3788","page","type-page","status-publish","has-post-thumbnail","hentry"],"_links":{"self":[{"href":"https:\/\/caminhostours.com\/es\/wp-json\/wp\/v2\/pages\/3788","targetHints":{"allow":["GET"]}}],"collection":[{"href":"https:\/\/caminhostours.com\/es\/wp-json\/wp\/v2\/pages"}],"about":[{"href":"https:\/\/caminhostours.com\/es\/wp-json\/wp\/v2\/types\/page"}],"author":[{"embeddable":true,"href":"https:\/\/caminhostours.com\/es\/wp-json\/wp\/v2\/users\/1"}],"replies":[{"embeddable":true,"href":"https:\/\/caminhostours.com\/es\/wp-json\/wp\/v2\/comments?post=3788"}],"version-history":[{"count":7,"href":"https:\/\/caminhostours.com\/es\/wp-json\/wp\/v2\/pages\/3788\/revisions"}],"predecessor-version":[{"id":4115,"href":"https:\/\/caminhostours.com\/es\/wp-json\/wp\/v2\/pages\/3788\/revisions\/4115"}],"wp:featuredmedia":[{"embeddable":true,"href":"https:\/\/caminhostours.com\/es\/wp-json\/wp\/v2\/media\/3176"}],"wp:attachment":[{"href":"https:\/\/caminhostours.com\/es\/wp-json\/wp\/v2\/media?parent=3788"}],"curies":[{"name":"wp","href":"https:\/\/api.w.org\/{rel}","templated":true}]}}