{"id":3958,"date":"2024-05-27T14:10:22","date_gmt":"2024-05-27T13:10:22","guid":{"rendered":"https:\/\/caminhostours.com\/?page_id=3958"},"modified":"2024-12-03T09:33:56","modified_gmt":"2024-12-03T09:33:56","slug":"personalized-services","status":"publish","type":"page","link":"https:\/\/caminhostours.com\/es\/personalized-services\/","title":{"rendered":"Personalized Services"},"content":{"rendered":"<div class=\"wpb-content-wrapper\"><p>[vc_row entrada_row_bgcolor=\u00bbbg-white\u00bb css=\u00bb.vc_custom_1716816113457{background-color: #ffffff !important;}\u00bb][vc_column width=\u00bb2\/3&#8243;]<header class='content-heading'>\n\t\t\t\t\t\t<h2 class='main-heading'>Servicios personalizados con Caminhos<\/h2>\n\t\t\t\t\t\t<div class='main-subtitle'><p>En Caminhos, nos especializamos en viajes personalizados que atienden a una amplia gama de clientes. Hemos organizado tours y servicios para familias, embajadas, ONG, universidades y muchos otros. Ya sea que desee que sus vacaciones est\u00e9n llenas de aventuras o relajadas con algunas actividades culturales, \u00a1podemos hacerlo todo!<\/p>\n<p>Lo que nos hace diferentes es que somos m\u00e1s que una simple empresa de viajes. Ser una escuela de idiomas, un proyecto social y una granja ecol\u00f3gica en una sola entidad permite que nuestros tours le ofrezcan una experiencia que no se limita solo a las excursiones comunes.<\/p>\n<p>&nbsp;<\/p>\n<p>Para planificar su mejor viaje o concertar un servicio para su organizaci\u00f3n, env\u00edenos un correo electr\u00f3nico o un mensaje de texto a trav\u00e9s de WhatsApp.<\/p>\n<p>&nbsp;<\/p>\n<p>Comparta con nosotros qu\u00e9 es exactamente lo que le interesa y nos comunicaremos con usted para analizar c\u00f3mo podemos ajustar nuestro servicio seg\u00fan sus preferencias.<\/p>\n<p>&nbsp;<\/p>\n<p>Siente la experiencia Caminhos: cuidando cada paso.<\/p>\n<\/div>\n\t\t\t\t\t\t<div class='seperator'><\/div>\n\t\t\t\t\t<\/header>[vc_row_inner el_class=\u00bbcontact-info\u00bb][vc_column_inner width=\u00bb1\/2&#8243;][vc_btn title=\u00bbEmail: tours@caminhosbrasil.com\u00bb color=\u00bbwarning\u00bb align=\u00bbcenter\u00bb link=\u00bburl:http%3A%2F%2Finfo%40caminhostours.com|title:email|target:_blank\u00bb][\/vc_column_inner][vc_column_inner width=\u00bb1\/2&#8243;][vc_btn title=\u00bbWhats APP +55 219999999&#8243; color=\u00bbsuccess\u00bb align=\u00bbcenter\u00bb link=\u00bburl:https%3A%2F%2Fapi.whatsapp.com%2Fsend%2F%3Fphone%3D5521992231260%26text%26type%3Dphone_number%26app_absent%3D0|title:Whats%20Aoo|target:_blank\u00bb][\/vc_column_inner][\/vc_row_inner][\/vc_column][vc_column width=\u00bb1\/6&#8243;][\/vc_column][vc_column width=\u00bb1\/6&#8243; css=\u00bb.vc_custom_1716883060977{background-color: #ffffff !important;}\u00bb]<header class='content-heading'>\n\t\t\t\t\t\t<h2 class='main-heading'><\/h2>\n\t\t\t\t\t\t<div class='main-subtitle'><h3><\/h3>\n<h3>Clientes<\/h3>\n<ul>\n<li style=\"text-align: left;\">ONG<\/li>\n<li style=\"text-align: left;\">Empresas<\/li>\n<li style=\"text-align: left;\">Universidades<\/li>\n<li style=\"text-align: left;\">Embajadas<\/li>\n<li style=\"text-align: left;\">Familias<\/li>\n<li style=\"text-align: left;\">Escuelas<\/li>\n<li style=\"text-align: left;\">Turistas<\/li>\n<li style=\"text-align: left;\">Instituciones de investigaci\u00f3n<\/li>\n<li style=\"text-align: left;\">Organizaciones estudiantiles<\/li>\n<\/ul>\n<\/div>\n\t\t\t\t\t\t<div class='seperator'><\/div>\n\t\t\t\t\t<\/header><header class='content-heading'>\n\t\t\t\t\t\t<h2 class='main-heading'><\/h2>\n\t\t\t\t\t\t<div class='main-subtitle'><p><img loading=\"lazy\" decoding=\"async\" class=\"alignnone wp-image-3680\" src=\"https:\/\/caminhostours.com\/wp-content\/uploads\/2016\/05\/positive-impact-1024x965.png\" alt=\"\" width=\"127\" height=\"120\" srcset=\"https:\/\/caminhostours.com\/wp-content\/uploads\/2016\/05\/positive-impact-1024x965.png 1024w, https:\/\/caminhostours.com\/wp-content\/uploads\/2016\/05\/positive-impact-300x283.png 300w, https:\/\/caminhostours.com\/wp-content\/uploads\/2016\/05\/positive-impact-768x724.png 768w, https:\/\/caminhostours.com\/wp-content\/uploads\/2016\/05\/positive-impact-600x565.png 600w, https:\/\/caminhostours.com\/wp-content\/uploads\/2016\/05\/positive-impact.png 1247w\" sizes=\"auto, (max-width: 127px) 100vw, 127px\" \/><\/p>\n<\/div>\n\t\t\t\t\t\t<div class='seperator'><\/div>\n\t\t\t\t\t<\/header>[\/vc_column][\/vc_row]<\/p>\n<\/div>","protected":false},"excerpt":{"rendered":"<p>[vc_row entrada_row_bgcolor=\u00bbbg-white\u00bb css=\u00bb.vc_custom_1716816113457{background-color: #ffffff !important;}\u00bb][vc_column width=\u00bb2\/3&#8243;][vc_row_inner el_class=\u00bbcontact-info\u00bb][vc_column_inner width=\u00bb1\/2&#8243;][vc_btn title=\u00bbEmail: tours@caminhosbrasil.com\u00bb color=\u00bbwarning\u00bb align=\u00bbcenter\u00bb link=\u00bburl:http%3A%2F%2Finfo%40caminhostours.com|title:email|target:_blank\u00bb][\/vc_column_inner][vc_column_inner width=\u00bb1\/2&#8243;][vc_btn title=\u00bbWhats APP +55 219999999&#8243; color=\u00bbsuccess\u00bb align=\u00bbcenter\u00bb link=\u00bburl:https%3A%2F%2Fapi.whatsapp.com%2Fsend%2F%3Fphone%3D5521992231260%26text%26type%3Dphone_number%26app_absent%3D0|title:Whats%20Aoo|target:_blank\u00bb][\/vc_column_inner][\/vc_row_inner][\/vc_column][vc_column width=\u00bb1\/6&#8243;][\/vc_column][vc_column width=\u00bb1\/6&#8243; css=\u00bb.vc_custom_1716883060977{background-color: #ffffff !important;}\u00bb][\/vc_column][\/vc_row]<\/p>\n","protected":false},"author":1,"featured_media":0,"parent":0,"menu_order":0,"comment_status":"closed","ping_status":"closed","template":"entrada_templates\/contact.php","meta":{"footnotes":""},"class_list":["post-3958","page","type-page","status-publish","hentry"],"_links":{"self":[{"href":"https:\/\/caminhostours.com\/es\/wp-json\/wp\/v2\/pages\/3958","targetHints":{"allow":["GET"]}}],"collection":[{"href":"https:\/\/caminhostours.com\/es\/wp-json\/wp\/v2\/pages"}],"about":[{"href":"https:\/\/caminhostours.com\/es\/wp-json\/wp\/v2\/types\/page"}],"author":[{"embeddable":true,"href":"https:\/\/caminhostours.com\/es\/wp-json\/wp\/v2\/users\/1"}],"replies":[{"embeddable":true,"href":"https:\/\/caminhostours.com\/es\/wp-json\/wp\/v2\/comments?post=3958"}],"version-history":[{"count":18,"href":"https:\/\/caminhostours.com\/es\/wp-json\/wp\/v2\/pages\/3958\/revisions"}],"predecessor-version":[{"id":4129,"href":"https:\/\/caminhostours.com\/es\/wp-json\/wp\/v2\/pages\/3958\/revisions\/4129"}],"wp:attachment":[{"href":"https:\/\/caminhostours.com\/es\/wp-json\/wp\/v2\/media?parent=3958"}],"curies":[{"name":"wp","href":"https:\/\/api.w.org\/{rel}","templated":true}]}}