{"id":749,"date":"2016-05-19T05:17:51","date_gmt":"2016-05-19T05:17:51","guid":{"rendered":"http:\/\/www.waituk.com\/entrada\/default\/?page_id=749"},"modified":"2024-10-15T08:58:31","modified_gmt":"2024-10-15T07:58:31","slug":"about-us","status":"publish","type":"page","link":"https:\/\/caminhostours.com\/es\/sobre-nosotros\/","title":{"rendered":"Nuestra Historia"},"content":{"rendered":"<div class=\"wpb-content-wrapper\"><p>[vc_row css=\u00bb.vc_custom_1712534057037{background-color: #ffffff !important;}\u00bb][vc_column]<header class='content-heading'>\n\t\t\t\t\t\t<h2 class='main-heading'>Nuestra historia<\/h2>\n\t\t\t\t\t\t<div class='main-subtitle'><\/div>\n\t\t\t\t\t\t<div class='seperator'><\/div>\n\t\t\t\t\t<\/header><div class=\"adventure-holder gallery-home-holder text-block\"><div class=\"centered\"><p class=\"intro\">Bart y Jascha, los fundadores de Caminhos, se asociaron con Davi, que creci\u00f3 en el hogar infantil Casa do Caminhos en Xer\u00e9m, para iniciar Caminhos Bikes &amp; Tours. Nuestro objetivo es simple: amamos R\u00edo y queremos mostrar su belleza de una manera divertida y activa. Pero queremos hacer m\u00e1s que simplemente ofrecer recorridos. Nuestro objetivo es ayudar a los j\u00f3venes de \u00e1reas menos favorecidas a convertirse en gu\u00edas tur\u00edsticos y anfitriones. Les ense\u00f1amos c\u00f3mo guiar recorridos, les damos lecciones de idioma, los ayudamos a desarrollar habilidades sociales y m\u00e1s. Cada recorrido que haces con nosotros hace dos cosas grandiosas: te muestra lo mejor de R\u00edo y apoya a Mais Caminhos, nuestro programa que ayuda a estos j\u00f3venes adultos a construir un futuro mejor. Con Caminhos Bikes &amp; Tours, no solo est\u00e1s explorando R\u00edo; est\u00e1s haciendo una diferencia.<\/p><\/div><\/div><header class='content-heading'>\n\t\t\t\t\t\t<h2 class='main-heading'><\/h2>\n\t\t\t\t\t\t<div class='main-subtitle'><p style=\"text-align: center;\"><img loading=\"lazy\" decoding=\"async\" class=\"alignnone wp-image-3680\" src=\"https:\/\/caminhostours.com\/\/wp-content\/uploads\/2016\/05\/positive-impact-1024x965.png\" alt=\"\" width=\"122\" height=\"115\" srcset=\"https:\/\/caminhostours.com\/wp-content\/uploads\/2016\/05\/positive-impact-1024x965.png 1024w, https:\/\/caminhostours.com\/wp-content\/uploads\/2016\/05\/positive-impact-300x283.png 300w, https:\/\/caminhostours.com\/wp-content\/uploads\/2016\/05\/positive-impact-768x724.png 768w, https:\/\/caminhostours.com\/wp-content\/uploads\/2016\/05\/positive-impact-600x565.png 600w, https:\/\/caminhostours.com\/wp-content\/uploads\/2016\/05\/positive-impact.png 1247w\" sizes=\"auto, (max-width: 122px) 100vw, 122px\" \/><\/p>\n<\/div>\n\t\t\t\t\t\t<div class='seperator'><\/div>\n\t\t\t\t\t<\/header>[\/vc_column][\/vc_row][vc_row css=\u00bb.vc_custom_1712534130471{background-color: #ffffff !important;}\u00bb][vc_column][vc_row_inner][vc_column_inner width=\u00bb1\/2&#8243;]<div class=\"adventure-holder gallery-home-holder text-block\"><div class=\"centered\"><h2 class=\"intro-heading\">Davi (copropietario) y Caminhos<\/h2><p class=\"intro\">La historia de Davi se entrelaza con la de Caminhos, comenzando en Casa do Caminho, un hogar para ni\u00f1os donde se origin\u00f3 el nombre de Caminhos. Es un lugar querido tanto para Davi como para los fundadores de Caminhos, quienes trabajaron all\u00ed como voluntarios. Despu\u00e9s de su viaje de estudios a los Pa\u00edses Bajos, apoyado por el Centro de Idiomas de Caminhos, Davi regres\u00f3 para pasar ocho a\u00f1os liderando tours y actividades, convirti\u00e9ndose en un faro de inspiraci\u00f3n para los ni\u00f1os de Mais Caminhos. Ahora, como copropietario de Caminhos Bikes and Tours y su probable gu\u00eda en caminatas, tours por favelas y tours en bicicleta, conocer a Davi lo conecta directamente con las ra\u00edces y el esp\u00edritu de Caminhos, tal como lo imaginaron sus fundadores.<\/p>\n<p>- En el lado derecho, observe que el viaje de intercambio de Davi a los 18 a\u00f1os fue destacado en un documental de la televisi\u00f3n holandesa, que enfatiza su importante experiencia con Caminhos.<\/p><\/div><\/div>[\/vc_column_inner][vc_column_inner width=\u00bb1\/2&#8243; css=\u00bb.vc_custom_1711452828179{margin-top: 50px !important;margin-right: 50px !important;margin-bottom: 50px !important;margin-left: 50px !important;border-top-width: 30px !important;border-right-width: 30px !important;border-bottom-width: 30px !important;border-left-width: 30px !important;}\u00bb][vc_raw_html]aHR0cHMlM0ElMkYlMkZ3d3cueW91dHViZS5jb20lMkZ3YXRjaCUzRnYlM0R5Y3ZHalhzMzNxOCUwQSUwQQ==[\/vc_raw_html][\/vc_column_inner][\/vc_row_inner][\/vc_column][\/vc_row][vc_row entrada_row_bgcolor=\u00bbbg-white\u00bb][vc_column]<header class='content-heading'>\n\t\t\t\t\t\t<h2 class='main-heading'>Caminhos<\/h2>\n\t\t\t\t\t\t<div class='main-subtitle'><p>Desde 2009, Caminhos ha unificado con \u00e9xito la educaci\u00f3n, la acci\u00f3n social, la sostenibilidad y el disfrute a trav\u00e9s del emprendimiento social, combinando el aprendizaje inmersivo de Caminhos Language Centre, las iniciativas de empoderamiento de Mais Caminhos, las pr\u00e1cticas ecol\u00f3gicas de EcoCaminhos y el esp\u00edritu exploratorio de Caminhos Bikes and Tours.<\/p>\n<\/div>\n\t\t\t\t\t\t<div class='seperator'><\/div>\n\t\t\t\t\t<\/header>[vc_row_inner][vc_column_inner width=\u00bb1\/4&#8243;]<article class=\"article text-center article-top-space\"><div class=\"img-wrap1\">\n\t\t\t\t\t<img decoding=\"async\"  src=\"https:\/\/caminhostours.com\/wp-content\/uploads\/2024\/03\/CAMINHOSlanguagecentre_quadrado-2.jpg\" alt=\"image description\">\n\t\t\t\t <\/div><div class=\"description\">\n\t\t\t\t\t\t\t<h3>Centro de idiomas<\/h3>\n\t\t\t\t\t\t\t<p>Sum\u00e9rgete en la cultura brasile\u00f1a mientras aprendes portugu\u00e9s en Caminhos Language Centre. Nuestros m\u00e9todos din\u00e1micos y actividades sociales garantizan un aprendizaje r\u00e1pido y divertido en el vibrante coraz\u00f3n de R\u00edo de Janeiro.<\/p>\n\t\t\t\t\t\t<\/div><\/article>[\/vc_column_inner][vc_column_inner width=\u00bb1\/4&#8243;]<article class=\"article text-center article-top-space\"><div class=\"img-wrap1\">\n\t\t\t\t\t<img decoding=\"async\"  src=\"https:\/\/caminhostours.com\/wp-content\/uploads\/2024\/03\/ecoCAMINHOSsquare-01.png\" alt=\"image description\">\n\t\t\t\t <\/div><div class=\"description\">\n\t\t\t\t\t\t\t<h3>Eco Caminhos<\/h3>\n\t\t\t\t\t\t\t<p>Descubra la vida sostenible en EcoCaminhos, en las impresionantes monta\u00f1as de Brasil. Nuestra granja ecol\u00f3gica combina la agricultura org\u00e1nica, la energ\u00eda renovable y los proyectos de construcci\u00f3n ecol\u00f3gica, y ofrece experiencias pr\u00e1cticas en armon\u00eda con la naturaleza.<\/p>\n\t\t\t\t\t\t<\/div><\/article>[\/vc_column_inner][vc_column_inner width=\u00bb1\/4&#8243;]<article class=\"article text-center article-top-space\"><div class=\"img-wrap1\">\n\t\t\t\t\t<img decoding=\"async\"  src=\"https:\/\/caminhostours.com\/wp-content\/uploads\/2024\/03\/mais-caminhos-red-frame.png\" alt=\"image description\">\n\t\t\t\t <\/div><div class=\"description\">\n\t\t\t\t\t\t\t<h3>Mais Caminhos<\/h3>\n\t\t\t\t\t\t\t<p>Mais Caminhos impulsa el cambio social empoderando a los j\u00f3venes desfavorecidos de R\u00edo con la ayuda de voluntarios. A trav\u00e9s de la educaci\u00f3n, las actividades culturales y una comunidad solidaria, construimos caminos hacia un futuro m\u00e1s brillante y fomentamos la resiliencia.<\/p>\n\t\t\t\t\t\t<\/div><\/article>[\/vc_column_inner][vc_column_inner width=\u00bb1\/4&#8243;]<article class=\"article text-center article-top-space\"><div class=\"img-wrap1\">\n\t\t\t\t\t<img decoding=\"async\"  src=\"https:\/\/caminhostours.com\/wp-content\/uploads\/2024\/03\/caminhos-tours-quadrado-2.jpg\" alt=\"image description\">\n\t\t\t\t <\/div><div class=\"description\">\n\t\t\t\t\t\t\t<h3>Bicicletas y tours<\/h3>\n\t\t\t\t\t\t\t<p>Experimente de cerca los impresionantes paisajes de R\u00edo de Janeiro con Caminhos Bikes and Tours. Nuestros recorridos guiados en bicicleta revelan las joyas ocultas de la ciudad, combinando aventura con conocimientos culturales para un viaje inolvidable.<\/p>\n\t\t\t\t\t\t<\/div><\/article>[\/vc_column_inner][\/vc_row_inner]<header class='content-heading'>\n\t\t\t\t\t\t<h2 class='main-heading'>Logros<\/h2>\n\t\t\t\t\t\t<div class='main-subtitle'><p>Desde 2009, Mais Caminhos, en colaboraci\u00f3n con voluntarios internacionales, organiza proyectos sociales. Para una breve descripci\u00f3n de nuestra historia y logros,<a href=\"https:\/\/maiscaminhos.org\/who-we-are\/history\/\" target=\"_blank\" rel=\"noopener\">haga clic aqu\u00ed<\/a><\/p>\n<\/div>\n\t\t\t\t\t\t<div class='seperator'><\/div>\n\t\t\t\t\t<\/header>[\/vc_column][\/vc_row][vc_row wrapper_container=\u00bbcount-block\u00bb][vc_column width=\u00bb1\/4&#8243; css=\u00bb.vc_custom_1710969046746{background-color: #ff7010 !important;}\u00bb]<div class=\"holder block-1\">\n\t\t\t\t\t\t\t<span class=\"icon icon-heart\"><\/span>\n\t\t\t\t\t\t\t<span class=\"info\"><span class=\"counter\">1006<\/span><\/span>\n\t\t\t\t\t\t\t<span class=\"txt\">Ni\u00f1os<\/span>\n\t\t\t\t\t\t<\/div>[\/vc_column][vc_column width=\u00bb1\/4&#8243;]<div class=\"holder block-2\">\n\t\t\t\t\t\t\t<span class=\"icon icon-plus\"><\/span>\n\t\t\t\t\t\t\t<span class=\"info\"><span class=\"counter\">803<\/span><\/span>\n\t\t\t\t\t\t\t<span class=\"txt\">Adolescentes y adultos<\/span>\n\t\t\t\t\t\t<\/div>[\/vc_column][vc_column width=\u00bb1\/4&#8243;]<div class=\"holder block-3\">\n\t\t\t\t\t\t\t<span class=\"icon icon-world\"><\/span>\n\t\t\t\t\t\t\t<span class=\"info\"><span class=\"counter\">26<\/span><\/span>\n\t\t\t\t\t\t\t<span class=\"txt\">Programas de intercambio<\/span>\n\t\t\t\t\t\t<\/div>[\/vc_column][vc_column width=\u00bb1\/4&#8243;]<div class=\"holder block-4\">\n\t\t\t\t\t\t\t<span class=\"icon icon-family\"><\/span>\n\t\t\t\t\t\t\t<span class=\"info\"><span class=\"counter\">412<\/span><\/span>\n\t\t\t\t\t\t\t<span class=\"txt\">Voluntarios<\/span>\n\t\t\t\t\t\t<\/div>[\/vc_column][\/vc_row]<\/p>\n<\/div>","protected":false},"excerpt":{"rendered":"<p>[vc_row css=\u00bb.vc_custom_1712534057037{background-color: #ffffff !important;}\u00bb][vc_column][\/vc_column][\/vc_row][vc_row css=\u00bb.vc_custom_1712534130471{background-color: #ffffff !important;}\u00bb][vc_column][vc_row_inner][vc_column_inner width=\u00bb1\/2&#8243;][\/vc_column_inner][vc_column_inner width=\u00bb1\/2&#8243; css=\u00bb.vc_custom_1711452828179{margin-top: 50px !important;margin-right: 50px !important;margin-bottom: 50px !important;margin-left: 50px !important;border-top-width: 30px !important;border-right-width: 30px !important;border-bottom-width: 30px !important;border-left-width: 30px !important;}\u00bb][vc_raw_html]aHR0cHMlM0ElMkYlMkZ3d3cueW91dHViZS5jb20lMkZ3YXRjaCUzRnYlM0R5Y3ZHalhzMzNxOCUwQSUwQQ==[\/vc_raw_html][\/vc_column_inner][\/vc_row_inner][\/vc_column][\/vc_row][vc_row entrada_row_bgcolor=\u00bbbg-white\u00bb][vc_column][vc_row_inner][vc_column_inner width=\u00bb1\/4&#8243;][\/vc_column_inner][vc_column_inner width=\u00bb1\/4&#8243;][\/vc_column_inner][vc_column_inner width=\u00bb1\/4&#8243;][\/vc_column_inner][vc_column_inner width=\u00bb1\/4&#8243;][\/vc_column_inner][\/vc_row_inner][\/vc_column][\/vc_row][vc_row wrapper_container=\u00bbcount-block\u00bb][vc_column width=\u00bb1\/4&#8243; css=\u00bb.vc_custom_1710969046746{background-color: #ff7010 !important;}\u00bb][\/vc_column][vc_column width=\u00bb1\/4&#8243;][\/vc_column][vc_column width=\u00bb1\/4&#8243;][\/vc_column][vc_column width=\u00bb1\/4&#8243;][\/vc_column][\/vc_row]<\/p>\n","protected":false},"author":1,"featured_media":3176,"parent":0,"menu_order":0,"comment_status":"closed","ping_status":"closed","template":"","meta":{"footnotes":""},"class_list":["post-749","page","type-page","status-publish","has-post-thumbnail","hentry"],"_links":{"self":[{"href":"https:\/\/caminhostours.com\/es\/wp-json\/wp\/v2\/pages\/749","targetHints":{"allow":["GET"]}}],"collection":[{"href":"https:\/\/caminhostours.com\/es\/wp-json\/wp\/v2\/pages"}],"about":[{"href":"https:\/\/caminhostours.com\/es\/wp-json\/wp\/v2\/types\/page"}],"author":[{"embeddable":true,"href":"https:\/\/caminhostours.com\/es\/wp-json\/wp\/v2\/users\/1"}],"replies":[{"embeddable":true,"href":"https:\/\/caminhostours.com\/es\/wp-json\/wp\/v2\/comments?post=749"}],"version-history":[{"count":81,"href":"https:\/\/caminhostours.com\/es\/wp-json\/wp\/v2\/pages\/749\/revisions"}],"predecessor-version":[{"id":4114,"href":"https:\/\/caminhostours.com\/es\/wp-json\/wp\/v2\/pages\/749\/revisions\/4114"}],"wp:featuredmedia":[{"embeddable":true,"href":"https:\/\/caminhostours.com\/es\/wp-json\/wp\/v2\/media\/3176"}],"wp:attachment":[{"href":"https:\/\/caminhostours.com\/es\/wp-json\/wp\/v2\/media?parent=749"}],"curies":[{"name":"wp","href":"https:\/\/api.w.org\/{rel}","templated":true}]}}