{"id":3868,"date":"2024-05-21T10:09:37","date_gmt":"2024-05-21T09:09:37","guid":{"rendered":"https:\/\/caminhostours.com\/?post_type=product&#038;p=3868"},"modified":"2024-12-03T09:41:46","modified_gmt":"2024-12-03T09:41:46","slug":"christ-the-redeemer-hike","status":"publish","type":"product","link":"https:\/\/caminhostours.com\/es\/product\/christ-the-redeemer-hike\/","title":{"rendered":"Caminata al Cristo Redentor"},"content":{"rendered":"<h3>Caminata al Cristo Redentor con Caminhos Bikes &amp; Tours<\/h3>\n<p>Disfruta de R\u00edo de Janeiro de una manera especial con la Caminata al Cristo Redentor de Caminhos Bikes &amp; Tours. Tu aventura comienza con una hermosa caminata por la verde Selva de Tijuca, que te llevar\u00e1 hasta la famosa estatua del Cristo Redentor. Sube el Monte Corcovado para disfrutar de vistas impresionantes de toda la ciudad. Guiada por expertos de nuestro programa social, esta experiencia combina la belleza de la naturaleza con la riqueza cultural, convirti\u00e9ndola en una vivencia inolvidable en el coraz\u00f3n de R\u00edo.<\/p>\n","protected":false},"excerpt":{"rendered":"<p>&nbsp;<\/p>\n<p>&nbsp;<\/p>\n<p><img loading=\"lazy\" decoding=\"async\" class=\"wp-image-3680 alignright\" src=\"https:\/\/caminhostours.com\/\/wp-content\/uploads\/2016\/05\/positive-impact-1024x965.png\" alt=\"\" width=\"197\" height=\"186\" srcset=\"https:\/\/caminhostours.com\/wp-content\/uploads\/2016\/05\/positive-impact-1024x965.png 1024w, https:\/\/caminhostours.com\/wp-content\/uploads\/2016\/05\/positive-impact-300x283.png 300w, https:\/\/caminhostours.com\/wp-content\/uploads\/2016\/05\/positive-impact-768x724.png 768w, https:\/\/caminhostours.com\/wp-content\/uploads\/2016\/05\/positive-impact-600x565.png 600w, https:\/\/caminhostours.com\/wp-content\/uploads\/2016\/05\/positive-impact.png 1247w\" sizes=\"auto, (max-width: 197px) 100vw, 197px\" \/><\/p>\n<p>&nbsp;<\/p>\n<div>\n<ul>\n<li style=\"text-align: left;\">\n<h3 class=\"h3i\">Hora de inicio:\u00a0 Por la ma\u00f1ana<\/h3>\n<\/li>\n<li style=\"text-align: left;\">\n<h3 class=\"h3i\">Duraci\u00f3n:\u00a0 \u00a0 \u00a06<strong> horas<\/strong><\/h3>\n<\/li>\n<li style=\"text-align: left;\">\n<h3 class=\"h3i\">D\u00edas:\u00a0 \u00a0 \u00a0 \u00a0 \u00a0 \u00a0 Todos los d\u00edas<\/h3>\n<\/li>\n<li style=\"text-align: left;\">\n<h3 class=\"h3i\">Ubicaci\u00f3n: \u00a0 \u00a0 <strong>Rua Farme de Amoedo 135\u00a0 \u00a0 \u00a0 \u00a0 \u00a0 \u00a0 \u00a0<\/strong><\/h3>\n<\/li>\n<\/ul>\n<\/div>\n","protected":false},"featured_media":3869,"comment_status":"open","ping_status":"closed","template":"","meta":[],"product_brand":[],"product_cat":[146,96],"product_tag":[141],"class_list":{"0":"post-3868","1":"product","2":"type-product","3":"status-publish","4":"has-post-thumbnail","6":"product_cat-hike","7":"product_cat-mountain","8":"product_tag-bike","9":"activity_level-challenging","11":"first","12":"instock","13":"sold-individually","14":"shipping-taxable","15":"purchasable","16":"product-type-booking"},"_links":{"self":[{"href":"https:\/\/caminhostours.com\/es\/wp-json\/wp\/v2\/product\/3868","targetHints":{"allow":["GET"]}}],"collection":[{"href":"https:\/\/caminhostours.com\/es\/wp-json\/wp\/v2\/product"}],"about":[{"href":"https:\/\/caminhostours.com\/es\/wp-json\/wp\/v2\/types\/product"}],"replies":[{"embeddable":true,"href":"https:\/\/caminhostours.com\/es\/wp-json\/wp\/v2\/comments?post=3868"}],"wp:featuredmedia":[{"embeddable":true,"href":"https:\/\/caminhostours.com\/es\/wp-json\/wp\/v2\/media\/3869"}],"wp:attachment":[{"href":"https:\/\/caminhostours.com\/es\/wp-json\/wp\/v2\/media?parent=3868"}],"wp:term":[{"taxonomy":"product_brand","embeddable":true,"href":"https:\/\/caminhostours.com\/es\/wp-json\/wp\/v2\/product_brand?post=3868"},{"taxonomy":"product_cat","embeddable":true,"href":"https:\/\/caminhostours.com\/es\/wp-json\/wp\/v2\/product_cat?post=3868"},{"taxonomy":"product_tag","embeddable":true,"href":"https:\/\/caminhostours.com\/es\/wp-json\/wp\/v2\/product_tag?post=3868"}],"curies":[{"name":"wp","href":"https:\/\/api.w.org\/{rel}","templated":true}]}}