{"id":3926,"date":"2024-05-23T10:00:07","date_gmt":"2024-05-23T09:00:07","guid":{"rendered":"https:\/\/caminhostours.com\/?post_type=product&#038;p=3926"},"modified":"2024-12-03T09:50:46","modified_gmt":"2024-12-03T09:50:46","slug":"educational-favela-tour","status":"publish","type":"product","link":"https:\/\/caminhostours.com\/es\/product\/educational-favela-tour-3\/","title":{"rendered":"Educational Favela Tour"},"content":{"rendered":"<p>Haz un viaje con Caminhos Bikes &amp; Tours para descubrir la vibrante cultura de la Favela Vidigal. Caminar\u00e1s por sus peque\u00f1as calles y aprender\u00e1s sobre la historia y la vida cotidiana de la favela. Disfruta de un almuerzo delicioso, conoce proyectos solidarios y obt\u00e9n una nueva perspectiva sobre la vida en las favelas de R\u00edo. \u00a1\u00danete a nosotros para una experiencia inolvidable que apoya el cambio positivo en las comunidades de R\u00edo!<\/p>\n","protected":false},"excerpt":{"rendered":"<p>&nbsp;<\/p>\n<p>&nbsp;<\/p>\n<p><img loading=\"lazy\" decoding=\"async\" class=\"wp-image-3680 alignright\" src=\"https:\/\/caminhostours.com\/\/wp-content\/uploads\/2016\/05\/positive-impact-1024x965.png\" alt=\"\" width=\"197\" height=\"186\" srcset=\"https:\/\/caminhostours.com\/wp-content\/uploads\/2016\/05\/positive-impact-1024x965.png 1024w, https:\/\/caminhostours.com\/wp-content\/uploads\/2016\/05\/positive-impact-300x283.png 300w, https:\/\/caminhostours.com\/wp-content\/uploads\/2016\/05\/positive-impact-768x724.png 768w, https:\/\/caminhostours.com\/wp-content\/uploads\/2016\/05\/positive-impact-600x565.png 600w, https:\/\/caminhostours.com\/wp-content\/uploads\/2016\/05\/positive-impact.png 1247w\" sizes=\"auto, (max-width: 197px) 100vw, 197px\" \/><\/p>\n<p>&nbsp;<\/p>\n<div>\n<ul>\n<li style=\"text-align: left;\">\n<h3 class=\"h3i\">Hora de inicio:\u00a0 \u00a0 Flexible<\/h3>\n<\/li>\n<li style=\"text-align: left;\">\n<h3 class=\"h3i\">Duraci\u00f3n:\u00a0 \u00a0 \u00a04<strong>\u00a0 horas<\/strong><\/h3>\n<\/li>\n<li style=\"text-align: left;\">\n<h3 class=\"h3i\">D\u00edas:\u00a0 \u00a0 \u00a0 \u00a0 \u00a0 \u00a0 \u00a0Todos os d\u00edas<\/h3>\n<\/li>\n<li style=\"text-align: left;\">\n<h3 class=\"h3i\">Ubicaci\u00f3n: \u00a0 \u00a0 <strong>Rua Farme de Amoedo 135\u00a0 \u00a0 \u00a0 \u00a0 \u00a0 \u00a0 \u00a0<\/strong><\/h3>\n<\/li>\n<\/ul>\n<\/div>\n","protected":false},"featured_media":3927,"comment_status":"open","ping_status":"closed","template":"","meta":[],"product_brand":[],"product_cat":[144,118],"product_tag":[141],"class_list":{"0":"post-3926","1":"product","2":"type-product","3":"status-publish","4":"has-post-thumbnail","6":"product_cat-culture","7":"product_cat-urban","8":"product_tag-bike","9":"holiday_type-culture","10":"holiday_type-cycling","11":"destination-brasil","12":"destination-rio-de-janeiro","13":"activity_level-leisurely","15":"first","16":"instock","17":"sold-individually","18":"shipping-taxable","19":"purchasable","20":"product-type-booking"},"_links":{"self":[{"href":"https:\/\/caminhostours.com\/es\/wp-json\/wp\/v2\/product\/3926","targetHints":{"allow":["GET"]}}],"collection":[{"href":"https:\/\/caminhostours.com\/es\/wp-json\/wp\/v2\/product"}],"about":[{"href":"https:\/\/caminhostours.com\/es\/wp-json\/wp\/v2\/types\/product"}],"replies":[{"embeddable":true,"href":"https:\/\/caminhostours.com\/es\/wp-json\/wp\/v2\/comments?post=3926"}],"wp:featuredmedia":[{"embeddable":true,"href":"https:\/\/caminhostours.com\/es\/wp-json\/wp\/v2\/media\/3927"}],"wp:attachment":[{"href":"https:\/\/caminhostours.com\/es\/wp-json\/wp\/v2\/media?parent=3926"}],"wp:term":[{"taxonomy":"product_brand","embeddable":true,"href":"https:\/\/caminhostours.com\/es\/wp-json\/wp\/v2\/product_brand?post=3926"},{"taxonomy":"product_cat","embeddable":true,"href":"https:\/\/caminhostours.com\/es\/wp-json\/wp\/v2\/product_cat?post=3926"},{"taxonomy":"product_tag","embeddable":true,"href":"https:\/\/caminhostours.com\/es\/wp-json\/wp\/v2\/product_tag?post=3926"}],"curies":[{"name":"wp","href":"https:\/\/api.w.org\/{rel}","templated":true}]}}