{"id":623,"date":"2016-05-11T06:17:47","date_gmt":"2016-05-11T06:17:47","guid":{"rendered":"http:\/\/www.waituk.com\/entrada\/default\/product\/mountain-biking-trip\/"},"modified":"2024-12-03T09:44:28","modified_gmt":"2024-12-03T09:44:28","slug":"iconic-bike-tour-in-rio-de-janeiro","status":"publish","type":"product","link":"https:\/\/caminhostours.com\/es\/product\/tour-en-bicicleta-iconica-por-rio-rio-de-janeiro\/","title":{"rendered":"Tour Ic\u00f3nico en Bicicleta por R\u00edo"},"content":{"rendered":"<p>Explora los ic\u00f3nicos puntos de referencia y rincones ocultos de R\u00edo de Janeiro en un inolvidable tour guiado en bicicleta con Caminhos Bikes &amp; Tours. Desde las vibrantes playas de Ipanema hasta las serenas vistas de Urca, nuestros gu\u00edas expertos te llevar\u00e1n a trav\u00e9s de los diversos barrios de la ciudad, ofreciendo conocimientos locales y experiencias culturales en el camino.<\/p>\n","protected":false},"excerpt":{"rendered":"<p>&nbsp;<\/p>\n<p>&nbsp;<\/p>\n<p><img loading=\"lazy\" decoding=\"async\" class=\"wp-image-3680 alignright\" src=\"https:\/\/caminhostours.com\/\/wp-content\/uploads\/2016\/05\/positive-impact-1024x965.png\" alt=\"\" width=\"197\" height=\"186\" srcset=\"https:\/\/caminhostours.com\/wp-content\/uploads\/2016\/05\/positive-impact-1024x965.png 1024w, https:\/\/caminhostours.com\/wp-content\/uploads\/2016\/05\/positive-impact-300x283.png 300w, https:\/\/caminhostours.com\/wp-content\/uploads\/2016\/05\/positive-impact-768x724.png 768w, https:\/\/caminhostours.com\/wp-content\/uploads\/2016\/05\/positive-impact-600x565.png 600w, https:\/\/caminhostours.com\/wp-content\/uploads\/2016\/05\/positive-impact.png 1247w\" sizes=\"auto, (max-width: 197px) 100vw, 197px\" \/><\/p>\n<p>&nbsp;<\/p>\n<div>\n<ul>\n<li style=\"text-align: left;\">\n<h3 class=\"h3i\"><strong>Hora de inicio:<\/strong>\u00a0 \u00a0 \u00a0<strong>09.15<\/strong><\/h3>\n<\/li>\n<li style=\"text-align: left;\">\n<h3 class=\"h3i\"><strong>Duraci\u00f3n:<\/strong>\u00a0 \u00a0<strong>3 1\/2 horas\u00a0<\/strong><\/h3>\n<\/li>\n<li style=\"text-align: left;\">\n<h3 class=\"h3i\"><strong>D\u00edas:<\/strong>\u00a0 \u00a0 \u00a0 \u00a0 \u00a0 \u00a0Todos los d\u00edas<\/h3>\n<\/li>\n<li style=\"text-align: left;\">\n<h3 class=\"h3i\">Ubicaci\u00f3n: \u00a0 \u00a0 <strong>Rua Farme de Amoedo 135\u00a0 \u00a0 \u00a0 \u00a0 \u00a0 \u00a0 \u00a0<\/strong><\/h3>\n<\/li>\n<\/ul>\n<\/div>\n","protected":false},"featured_media":3572,"comment_status":"open","ping_status":"closed","template":"","meta":[],"product_brand":[],"product_cat":[142,96],"product_tag":[141],"class_list":{"0":"post-623","1":"product","2":"type-product","3":"status-publish","4":"has-post-thumbnail","6":"product_cat-bike-tour","7":"product_cat-mountain","8":"product_tag-bike","9":"holiday_type-culture","10":"holiday_type-cycling","11":"destination-brasil","12":"destination-rio-de-janeiro","13":"activity_level-leisurely","15":"first","16":"instock","17":"sold-individually","18":"shipping-taxable","19":"purchasable","20":"product-type-booking"},"_links":{"self":[{"href":"https:\/\/caminhostours.com\/es\/wp-json\/wp\/v2\/product\/623","targetHints":{"allow":["GET"]}}],"collection":[{"href":"https:\/\/caminhostours.com\/es\/wp-json\/wp\/v2\/product"}],"about":[{"href":"https:\/\/caminhostours.com\/es\/wp-json\/wp\/v2\/types\/product"}],"replies":[{"embeddable":true,"href":"https:\/\/caminhostours.com\/es\/wp-json\/wp\/v2\/comments?post=623"}],"wp:featuredmedia":[{"embeddable":true,"href":"https:\/\/caminhostours.com\/es\/wp-json\/wp\/v2\/media\/3572"}],"wp:attachment":[{"href":"https:\/\/caminhostours.com\/es\/wp-json\/wp\/v2\/media?parent=623"}],"wp:term":[{"taxonomy":"product_brand","embeddable":true,"href":"https:\/\/caminhostours.com\/es\/wp-json\/wp\/v2\/product_brand?post=623"},{"taxonomy":"product_cat","embeddable":true,"href":"https:\/\/caminhostours.com\/es\/wp-json\/wp\/v2\/product_cat?post=623"},{"taxonomy":"product_tag","embeddable":true,"href":"https:\/\/caminhostours.com\/es\/wp-json\/wp\/v2\/product_tag?post=623"}],"curies":[{"name":"wp","href":"https:\/\/api.w.org\/{rel}","templated":true}]}}